{"id":4791,"date":"2023-09-13T09:54:19","date_gmt":"2023-09-13T07:54:19","guid":{"rendered":"https:\/\/www.imaginamusica.net\/monitores\/"},"modified":"2024-01-10T11:25:58","modified_gmt":"2024-01-10T10:25:58","slug":"monitors","status":"publish","type":"page","link":"https:\/\/www.imaginamusica.net\/ca\/monitors\/","title":{"rendered":"Monitors"},"content":{"rendered":"<section class=\"av_textblock_section \"  itemscope=\"itemscope\" itemtype=\"https:\/\/schema.org\/CreativeWork\" ><div class='avia_textblock  '   itemprop=\"text\" ><h1 class=\"b_productsFilter-header__headline b_productsFilter-header__headline--series\" data-tests=\"product-series-headline\">Monitors<\/h1>\n<p>Per a un resultat exit\u00f3s tant important \u00e9s oferir un bon refor\u00e7 de so com un bon monitoratge per a l&#8217;artista.<\/p>\n<p>Aquest \u00e9s el cas dels monitors M2, M4, M6 i MAX2 amb unes dimensions compactes, una pot\u00e8ncia m\u00e9s que adequada, disseny de la caixa funcional i discret, rendiment excepcional, pres\u00e8ncia vocal destacable i una claredat absoluta.<\/p>\n<\/div><\/section>\n<div class=\"flex_column av_one_full  flex_column_div av-zero-column-padding first  avia-builder-el-1  el_after_av_textblock  avia-builder-el-last  column-top-margin\" style='border-radius:0px; '><\/div>\n","protected":false},"excerpt":{"rendered":"<p>Los monitores M2, M4, M6 y MAX2 ofrecen una potencia adecuada,un  rendimiento excepcional, presencia vocal destacable y una claridad absoluta.<\/p>\n","protected":false},"author":1,"featured_media":3487,"parent":0,"menu_order":0,"comment_status":"closed","ping_status":"closed","template":"","meta":[],"yoast_head":"<!-- This site is optimized with the Yoast SEO plugin v20.11 - https:\/\/yoast.com\/wordpress\/plugins\/seo\/ -->\n<title>Monitors - Imaginamusica<\/title>\n<meta name=\"description\" content=\"Els monitors M2, M4, M6 y MAX2 ofereixen una potencia adequada, un rendiment excepcional, pres\u00e8ncia vocal destacable i una claredat absoluta.\" \/>\n<meta name=\"robots\" content=\"index, follow, max-snippet:-1, max-image-preview:large, max-video-preview:-1\" \/>\n<link rel=\"canonical\" href=\"https:\/\/www.imaginamusica.net\/ca\/monitors\/\" \/>\n<meta property=\"og:locale\" content=\"ca_ES\" \/>\n<meta property=\"og:type\" content=\"article\" \/>\n<meta property=\"og:title\" content=\"Monitors - Imaginamusica\" \/>\n<meta property=\"og:description\" content=\"Els monitors M2, M4, M6 y MAX2 ofereixen una potencia adequada, un rendiment excepcional, pres\u00e8ncia vocal destacable i una claredat absoluta.\" \/>\n<meta property=\"og:url\" content=\"https:\/\/www.imaginamusica.net\/ca\/monitors\/\" \/>\n<meta property=\"og:site_name\" content=\"Imaginamusica\" \/>\n<meta property=\"article:modified_time\" content=\"2024-01-10T10:25:58+00:00\" \/>\n<meta property=\"og:image\" content=\"https:\/\/www.imaginamusica.net\/wp-content\/uploads\/2023\/09\/M2.gif\" \/>\n\t<meta property=\"og:image:width\" content=\"1200\" \/>\n\t<meta property=\"og:image:height\" content=\"1200\" \/>\n\t<meta property=\"og:image:type\" content=\"image\/gif\" \/>\n<meta name=\"twitter:card\" content=\"summary_large_image\" \/>\n<meta name=\"twitter:label1\" content=\"Est. reading time\" \/>\n\t<meta name=\"twitter:data1\" content=\"1 minute\" \/>\n<script type=\"application\/ld+json\" class=\"yoast-schema-graph\">{\"@context\":\"https:\/\/schema.org\",\"@graph\":[{\"@type\":\"WebPage\",\"@id\":\"https:\/\/www.imaginamusica.net\/ca\/monitors\/\",\"url\":\"https:\/\/www.imaginamusica.net\/ca\/monitors\/\",\"name\":\"Monitors - Imaginamusica\",\"isPartOf\":{\"@id\":\"https:\/\/www.imaginamusica.net\/#website\"},\"datePublished\":\"2023-09-13T07:54:19+00:00\",\"dateModified\":\"2024-01-10T10:25:58+00:00\",\"description\":\"Els monitors M2, M4, M6 y MAX2 ofereixen una potencia adequada, un rendiment excepcional, pres\u00e8ncia vocal destacable i una claredat absoluta.\",\"breadcrumb\":{\"@id\":\"https:\/\/www.imaginamusica.net\/ca\/monitors\/#breadcrumb\"},\"inLanguage\":\"ca\",\"potentialAction\":[{\"@type\":\"ReadAction\",\"target\":[\"https:\/\/www.imaginamusica.net\/ca\/monitors\/\"]}]},{\"@type\":\"BreadcrumbList\",\"@id\":\"https:\/\/www.imaginamusica.net\/ca\/monitors\/#breadcrumb\",\"itemListElement\":[{\"@type\":\"ListItem\",\"position\":1,\"name\":\"Portada\",\"item\":\"https:\/\/www.imaginamusica.net\/\"},{\"@type\":\"ListItem\",\"position\":2,\"name\":\"Monitors\"}]},{\"@type\":\"WebSite\",\"@id\":\"https:\/\/www.imaginamusica.net\/#website\",\"url\":\"https:\/\/www.imaginamusica.net\/\",\"name\":\"Imaginamusica\",\"description\":\"Distribuidores d&amp;b\",\"potentialAction\":[{\"@type\":\"SearchAction\",\"target\":{\"@type\":\"EntryPoint\",\"urlTemplate\":\"https:\/\/www.imaginamusica.net\/?s={search_term_string}\"},\"query-input\":\"required name=search_term_string\"}],\"inLanguage\":\"ca\"}]}<\/script>\n<!-- \/ Yoast SEO plugin. -->","yoast_head_json":{"title":"Monitors - Imaginamusica","description":"Els monitors M2, M4, M6 y MAX2 ofereixen una potencia adequada, un rendiment excepcional, pres\u00e8ncia vocal destacable i una claredat absoluta.","robots":{"index":"index","follow":"follow","max-snippet":"max-snippet:-1","max-image-preview":"max-image-preview:large","max-video-preview":"max-video-preview:-1"},"canonical":"https:\/\/www.imaginamusica.net\/ca\/monitors\/","og_locale":"ca_ES","og_type":"article","og_title":"Monitors - Imaginamusica","og_description":"Els monitors M2, M4, M6 y MAX2 ofereixen una potencia adequada, un rendiment excepcional, pres\u00e8ncia vocal destacable i una claredat absoluta.","og_url":"https:\/\/www.imaginamusica.net\/ca\/monitors\/","og_site_name":"Imaginamusica","article_modified_time":"2024-01-10T10:25:58+00:00","og_image":[{"width":1200,"height":1200,"url":"https:\/\/www.imaginamusica.net\/wp-content\/uploads\/2023\/09\/M2.gif","type":"image\/gif"}],"twitter_card":"summary_large_image","twitter_misc":{"Est. reading time":"1 minute"},"schema":{"@context":"https:\/\/schema.org","@graph":[{"@type":"WebPage","@id":"https:\/\/www.imaginamusica.net\/ca\/monitors\/","url":"https:\/\/www.imaginamusica.net\/ca\/monitors\/","name":"Monitors - Imaginamusica","isPartOf":{"@id":"https:\/\/www.imaginamusica.net\/#website"},"datePublished":"2023-09-13T07:54:19+00:00","dateModified":"2024-01-10T10:25:58+00:00","description":"Els monitors M2, M4, M6 y MAX2 ofereixen una potencia adequada, un rendiment excepcional, pres\u00e8ncia vocal destacable i una claredat absoluta.","breadcrumb":{"@id":"https:\/\/www.imaginamusica.net\/ca\/monitors\/#breadcrumb"},"inLanguage":"ca","potentialAction":[{"@type":"ReadAction","target":["https:\/\/www.imaginamusica.net\/ca\/monitors\/"]}]},{"@type":"BreadcrumbList","@id":"https:\/\/www.imaginamusica.net\/ca\/monitors\/#breadcrumb","itemListElement":[{"@type":"ListItem","position":1,"name":"Portada","item":"https:\/\/www.imaginamusica.net\/"},{"@type":"ListItem","position":2,"name":"Monitors"}]},{"@type":"WebSite","@id":"https:\/\/www.imaginamusica.net\/#website","url":"https:\/\/www.imaginamusica.net\/","name":"Imaginamusica","description":"Distribuidores d&amp;b","potentialAction":[{"@type":"SearchAction","target":{"@type":"EntryPoint","urlTemplate":"https:\/\/www.imaginamusica.net\/?s={search_term_string}"},"query-input":"required name=search_term_string"}],"inLanguage":"ca"}]}},"_links":{"self":[{"href":"https:\/\/www.imaginamusica.net\/ca\/wp-json\/wp\/v2\/pages\/4791"}],"collection":[{"href":"https:\/\/www.imaginamusica.net\/ca\/wp-json\/wp\/v2\/pages"}],"about":[{"href":"https:\/\/www.imaginamusica.net\/ca\/wp-json\/wp\/v2\/types\/page"}],"author":[{"embeddable":true,"href":"https:\/\/www.imaginamusica.net\/ca\/wp-json\/wp\/v2\/users\/1"}],"replies":[{"embeddable":true,"href":"https:\/\/www.imaginamusica.net\/ca\/wp-json\/wp\/v2\/comments?post=4791"}],"version-history":[{"count":2,"href":"https:\/\/www.imaginamusica.net\/ca\/wp-json\/wp\/v2\/pages\/4791\/revisions"}],"predecessor-version":[{"id":4793,"href":"https:\/\/www.imaginamusica.net\/ca\/wp-json\/wp\/v2\/pages\/4791\/revisions\/4793"}],"wp:featuredmedia":[{"embeddable":true,"href":"https:\/\/www.imaginamusica.net\/ca\/wp-json\/wp\/v2\/media\/3487"}],"wp:attachment":[{"href":"https:\/\/www.imaginamusica.net\/ca\/wp-json\/wp\/v2\/media?parent=4791"}],"curies":[{"name":"wp","href":"https:\/\/api.w.org\/{rel}","templated":true}]}}