{"id":4795,"date":"2023-07-25T12:36:38","date_gmt":"2023-07-25T10:36:38","guid":{"rendered":"https:\/\/www.imaginamusica.net\/serie-a\/"},"modified":"2024-01-11T11:30:46","modified_gmt":"2024-01-11T10:30:46","slug":"serie-a","status":"publish","type":"page","link":"https:\/\/www.imaginamusica.net\/ca\/serie-a\/","title":{"rendered":"S\u00e8rie A"},"content":{"rendered":"<section class=\"av_textblock_section \"  itemscope=\"itemscope\" itemtype=\"https:\/\/schema.org\/CreativeWork\" ><div class='avia_textblock  '   itemprop=\"text\" ><h1 class=\"b_productsFilter-header__headline b_productsFilter-header__headline--series\" data-tests=\"product-series-headline\">S\u00e8rie A<\/h1>\n<p>Una nova eina que combina la senzillesa dels cl\u00fasters de font puntual amb el nivell de pressi\u00f3 i la distribuci\u00f3 de freq\u00fc\u00e8ncia dels arranjaments en l\u00ednia per oferir la qualitat de so distintiva de d&amp;b en un format augmentat.<\/p>\n<p>La S\u00e8rie A porta al l\u00edmit el concepte del que un sistema de so pot fer i, alhora, mant\u00e9 l&#8217;enfocament de d&amp;b en la directivitat i la unitat del sistema. \u00c9s una unificaci\u00f3 de tecnologies que s&#8217;assenta c\u00f2modament en un espai que abans es cobria amb solucions provisionals. Aquest plantejament de refor\u00e7 de so sorgeix d&#8217;un angle diferent.<\/p>\n<p><strong>Arranjaments augmentats.<\/strong><\/p>\n<p>Els arranjaments de fins a quatre altaveus de la S\u00e8rie A s&#8217;adapten amb precisi\u00f3 a les formes dels recintes en petits increments utilitzant angles entre caixes variables. S&#8217;aconsegueix una \u00e0mplia distribuci\u00f3 tant horitzontalment com verticalment amb un nombre m\u00ednim d&#8217;altaveus. La dispersi\u00f3 coherent d&#8217;altes freq\u00fc\u00e8ncies es mant\u00e9 mitjan\u00e7ant el disseny sofisticat de la guia d&#8217;ones, sigui quin sigui l&#8217;ajustament de l&#8217;angulaci\u00f3.<\/p>\n<p><strong>Ajustar.<\/strong><\/p>\n<p>La S\u00e8rie A inclou un nou enfocament de la precisi\u00f3 ac\u00fastica: Control de Directivitat del Rang Mitj\u00e0 (MDC).<\/p>\n<p>Aquesta funci\u00f3 mant\u00e9 la directivitat del rang mitj\u00e0 sim\u00e8tric en tots els ajustaments d&#8217;angles entre caixes.<br \/>\nEl <strong>Control de Directivitat del Rang Mitj\u00e0<\/strong> garanteix que la gamma vocal sigui neta i cristal\u00b7lina. Amb un simple clic queda configurat.<\/p>\n<p><strong>Adaptar.<\/strong><\/p>\n<p>La S\u00e8rie A ofereix la cobertura exacta.<br \/>\nEls angles variables entre caixes confrontants,\u00a0 des de 20\u00b0 fins a 40\u00b0 en increments de 5\u00b0 serviran perqu\u00e8 el so nom\u00e9s es dirigeixi concretament on volem i no m\u00e9s enll\u00e0.<\/p>\n<\/div><\/section>\n<div class=\"flex_column av_one_full  flex_column_div av-zero-column-padding first  avia-builder-el-1  el_after_av_textblock  avia-builder-el-last  column-top-margin\" style='border-radius:0px; '><\/div>\n","protected":false},"excerpt":{"rendered":"<p>La Serie A es una unificaci\u00f3 de tecnologies que ocupa un espai que en altres moments s&#8217;havia de cobrir amb solucions provisionals.<\/p>\n","protected":false},"author":1,"featured_media":1875,"parent":0,"menu_order":0,"comment_status":"closed","ping_status":"closed","template":"","meta":[],"yoast_head":"<!-- This site is optimized with the Yoast SEO plugin v20.11 - https:\/\/yoast.com\/wordpress\/plugins\/seo\/ -->\n<title>S\u00e8rie A - Imaginamusica<\/title>\n<meta name=\"description\" content=\"La S\u00e8rie A es una unificaci\u00f3 de tecnologies que ocupa un espai que en altres moments s&#039;havia de cobrir amb solucions provisionals.\" \/>\n<meta name=\"robots\" content=\"index, follow, max-snippet:-1, max-image-preview:large, max-video-preview:-1\" \/>\n<link rel=\"canonical\" href=\"https:\/\/www.imaginamusica.net\/ca\/serie-a\/\" \/>\n<meta property=\"og:locale\" content=\"ca_ES\" \/>\n<meta property=\"og:type\" content=\"article\" \/>\n<meta property=\"og:title\" content=\"S\u00e8rie A - Imaginamusica\" \/>\n<meta property=\"og:description\" content=\"La S\u00e8rie A es una unificaci\u00f3 de tecnologies que ocupa un espai que en altres moments s&#039;havia de cobrir amb solucions provisionals.\" \/>\n<meta property=\"og:url\" content=\"https:\/\/www.imaginamusica.net\/ca\/serie-a\/\" \/>\n<meta property=\"og:site_name\" content=\"Imaginamusica\" \/>\n<meta property=\"article:modified_time\" content=\"2024-01-11T10:30:46+00:00\" \/>\n<meta property=\"og:image\" content=\"https:\/\/www.imaginamusica.net\/wp-content\/uploads\/2023\/07\/SerieA.gif\" \/>\n\t<meta property=\"og:image:width\" content=\"768\" \/>\n\t<meta property=\"og:image:height\" content=\"433\" \/>\n\t<meta property=\"og:image:type\" content=\"image\/gif\" \/>\n<meta name=\"twitter:card\" content=\"summary_large_image\" \/>\n<meta name=\"twitter:label1\" content=\"Est. reading time\" \/>\n\t<meta name=\"twitter:data1\" content=\"2 minutes\" \/>\n<script type=\"application\/ld+json\" class=\"yoast-schema-graph\">{\"@context\":\"https:\/\/schema.org\",\"@graph\":[{\"@type\":\"WebPage\",\"@id\":\"https:\/\/www.imaginamusica.net\/ca\/serie-a\/\",\"url\":\"https:\/\/www.imaginamusica.net\/ca\/serie-a\/\",\"name\":\"S\u00e8rie A - Imaginamusica\",\"isPartOf\":{\"@id\":\"https:\/\/www.imaginamusica.net\/#website\"},\"datePublished\":\"2023-07-25T10:36:38+00:00\",\"dateModified\":\"2024-01-11T10:30:46+00:00\",\"description\":\"La S\u00e8rie A es una unificaci\u00f3 de tecnologies que ocupa un espai que en altres moments s'havia de cobrir amb solucions provisionals.\",\"breadcrumb\":{\"@id\":\"https:\/\/www.imaginamusica.net\/ca\/serie-a\/#breadcrumb\"},\"inLanguage\":\"ca\",\"potentialAction\":[{\"@type\":\"ReadAction\",\"target\":[\"https:\/\/www.imaginamusica.net\/ca\/serie-a\/\"]}]},{\"@type\":\"BreadcrumbList\",\"@id\":\"https:\/\/www.imaginamusica.net\/ca\/serie-a\/#breadcrumb\",\"itemListElement\":[{\"@type\":\"ListItem\",\"position\":1,\"name\":\"Portada\",\"item\":\"https:\/\/www.imaginamusica.net\/\"},{\"@type\":\"ListItem\",\"position\":2,\"name\":\"S\u00e8rie A\"}]},{\"@type\":\"WebSite\",\"@id\":\"https:\/\/www.imaginamusica.net\/#website\",\"url\":\"https:\/\/www.imaginamusica.net\/\",\"name\":\"Imaginamusica\",\"description\":\"Distribuidores d&amp;b\",\"potentialAction\":[{\"@type\":\"SearchAction\",\"target\":{\"@type\":\"EntryPoint\",\"urlTemplate\":\"https:\/\/www.imaginamusica.net\/?s={search_term_string}\"},\"query-input\":\"required name=search_term_string\"}],\"inLanguage\":\"ca\"}]}<\/script>\n<!-- \/ Yoast SEO plugin. -->","yoast_head_json":{"title":"S\u00e8rie A - Imaginamusica","description":"La S\u00e8rie A es una unificaci\u00f3 de tecnologies que ocupa un espai que en altres moments s'havia de cobrir amb solucions provisionals.","robots":{"index":"index","follow":"follow","max-snippet":"max-snippet:-1","max-image-preview":"max-image-preview:large","max-video-preview":"max-video-preview:-1"},"canonical":"https:\/\/www.imaginamusica.net\/ca\/serie-a\/","og_locale":"ca_ES","og_type":"article","og_title":"S\u00e8rie A - Imaginamusica","og_description":"La S\u00e8rie A es una unificaci\u00f3 de tecnologies que ocupa un espai que en altres moments s'havia de cobrir amb solucions provisionals.","og_url":"https:\/\/www.imaginamusica.net\/ca\/serie-a\/","og_site_name":"Imaginamusica","article_modified_time":"2024-01-11T10:30:46+00:00","og_image":[{"width":768,"height":433,"url":"https:\/\/www.imaginamusica.net\/wp-content\/uploads\/2023\/07\/SerieA.gif","type":"image\/gif"}],"twitter_card":"summary_large_image","twitter_misc":{"Est. reading time":"2 minutes"},"schema":{"@context":"https:\/\/schema.org","@graph":[{"@type":"WebPage","@id":"https:\/\/www.imaginamusica.net\/ca\/serie-a\/","url":"https:\/\/www.imaginamusica.net\/ca\/serie-a\/","name":"S\u00e8rie A - Imaginamusica","isPartOf":{"@id":"https:\/\/www.imaginamusica.net\/#website"},"datePublished":"2023-07-25T10:36:38+00:00","dateModified":"2024-01-11T10:30:46+00:00","description":"La S\u00e8rie A es una unificaci\u00f3 de tecnologies que ocupa un espai que en altres moments s'havia de cobrir amb solucions provisionals.","breadcrumb":{"@id":"https:\/\/www.imaginamusica.net\/ca\/serie-a\/#breadcrumb"},"inLanguage":"ca","potentialAction":[{"@type":"ReadAction","target":["https:\/\/www.imaginamusica.net\/ca\/serie-a\/"]}]},{"@type":"BreadcrumbList","@id":"https:\/\/www.imaginamusica.net\/ca\/serie-a\/#breadcrumb","itemListElement":[{"@type":"ListItem","position":1,"name":"Portada","item":"https:\/\/www.imaginamusica.net\/"},{"@type":"ListItem","position":2,"name":"S\u00e8rie A"}]},{"@type":"WebSite","@id":"https:\/\/www.imaginamusica.net\/#website","url":"https:\/\/www.imaginamusica.net\/","name":"Imaginamusica","description":"Distribuidores d&amp;b","potentialAction":[{"@type":"SearchAction","target":{"@type":"EntryPoint","urlTemplate":"https:\/\/www.imaginamusica.net\/?s={search_term_string}"},"query-input":"required name=search_term_string"}],"inLanguage":"ca"}]}},"_links":{"self":[{"href":"https:\/\/www.imaginamusica.net\/ca\/wp-json\/wp\/v2\/pages\/4795"}],"collection":[{"href":"https:\/\/www.imaginamusica.net\/ca\/wp-json\/wp\/v2\/pages"}],"about":[{"href":"https:\/\/www.imaginamusica.net\/ca\/wp-json\/wp\/v2\/types\/page"}],"author":[{"embeddable":true,"href":"https:\/\/www.imaginamusica.net\/ca\/wp-json\/wp\/v2\/users\/1"}],"replies":[{"embeddable":true,"href":"https:\/\/www.imaginamusica.net\/ca\/wp-json\/wp\/v2\/comments?post=4795"}],"version-history":[{"count":6,"href":"https:\/\/www.imaginamusica.net\/ca\/wp-json\/wp\/v2\/pages\/4795\/revisions"}],"predecessor-version":[{"id":4821,"href":"https:\/\/www.imaginamusica.net\/ca\/wp-json\/wp\/v2\/pages\/4795\/revisions\/4821"}],"wp:featuredmedia":[{"embeddable":true,"href":"https:\/\/www.imaginamusica.net\/ca\/wp-json\/wp\/v2\/media\/1875"}],"wp:attachment":[{"href":"https:\/\/www.imaginamusica.net\/ca\/wp-json\/wp\/v2\/media?parent=4795"}],"curies":[{"name":"wp","href":"https:\/\/api.w.org\/{rel}","templated":true}]}}