{"id":4811,"date":"2023-07-26T10:30:00","date_gmt":"2023-07-26T08:30:00","guid":{"rendered":"https:\/\/www.imaginamusica.net\/serie-e\/"},"modified":"2024-01-11T11:29:48","modified_gmt":"2024-01-11T10:29:48","slug":"serie-e","status":"publish","type":"page","link":"https:\/\/www.imaginamusica.net\/ca\/serie-e\/","title":{"rendered":"S\u00e8rie E"},"content":{"rendered":"<section class=\"av_textblock_section \"  itemscope=\"itemscope\" itemtype=\"https:\/\/schema.org\/CreativeWork\" ><div class='avia_textblock  '   itemprop=\"text\" ><h1 class=\"b_productsFilter-header__headline b_productsFilter-header__headline--series\" data-tests=\"product-series-headline\">S\u00e8rie E<\/h1>\n<p><strong>La S\u00e8rie E \u00e9s r\u00e0pida i f\u00e0cil de manipular i ofereix solucions elegants tant per a discursos com per a m\u00fasica o refor\u00e7 distribu\u00eft<\/strong> amb un rendiment impressionant en aplicacions independents, de rang complet, penjades o en tr\u00edpode, com ara <em>surround<\/em>, <em>delay<\/em> i <em>fill<\/em>, fins i tot com a monitors d&#8217;escenari.<\/p>\n<p>Tots junts, <strong>els coaxials E4, E5, E6, E8 i E12\/E12-D formen una s\u00e8rie de productes de d&amp;b tan variada com vers\u00e0til<\/strong>. Les caixes, lleugeres i amb una forma funcional, i els seus accessoris a mida es poden implementar horitzontalment o verticalment per aportar m\u00e9s flexibilitat.<\/p>\n<p>Amb un disseny ultracompacte i una depurada escala de formats, a m\u00e9s d&#8217;uns nivells destacables de sortida i rendiment, el conjunt de <strong>la s\u00e8rie E ofereix resposta a un ampli espectre de requisits de producci\u00f3<\/strong>.<\/p>\n<p><strong>Dos subwoofers espec\u00edfics i amb una mida compacte similar ofereixen una extensi\u00f3 de greus considerable per a tots els altaveus de la S\u00e8rie E<\/strong>.<\/p>\n<\/div><\/section>\n<div class=\"flex_column av_one_full  flex_column_div av-zero-column-padding first  avia-builder-el-1  el_after_av_textblock  avia-builder-el-last  column-top-margin\" style='border-radius:0px; '><\/div>\n","protected":false},"excerpt":{"rendered":"<p>La S\u00e8rie E \u00e9s r\u00e0pida i f\u00e0cil de manipular i ofereix solucions elegants tant per a discursos com per a m\u00fasica o refor\u00e7 distribu\u00eft. <\/p>\n","protected":false},"author":1,"featured_media":1928,"parent":0,"menu_order":0,"comment_status":"closed","ping_status":"closed","template":"","meta":[],"yoast_head":"<!-- This site is optimized with the Yoast SEO plugin v20.11 - https:\/\/yoast.com\/wordpress\/plugins\/seo\/ -->\n<title>S\u00e8rie E - Imaginamusica<\/title>\n<meta name=\"description\" content=\"La S\u00e8rie E \u00e9s r\u00e0pida i f\u00e0cil de manipular i ofereix solucions elegants tant per a discursos com per a m\u00fasica o refor\u00e7 distribu\u00eft.\" \/>\n<meta name=\"robots\" content=\"index, follow, max-snippet:-1, max-image-preview:large, max-video-preview:-1\" \/>\n<link rel=\"canonical\" href=\"https:\/\/www.imaginamusica.net\/ca\/serie-e\/\" \/>\n<meta property=\"og:locale\" content=\"ca_ES\" \/>\n<meta property=\"og:type\" content=\"article\" \/>\n<meta property=\"og:title\" content=\"S\u00e8rie E - Imaginamusica\" \/>\n<meta property=\"og:description\" content=\"La S\u00e8rie E \u00e9s r\u00e0pida i f\u00e0cil de manipular i ofereix solucions elegants tant per a discursos com per a m\u00fasica o refor\u00e7 distribu\u00eft.\" \/>\n<meta property=\"og:url\" content=\"https:\/\/www.imaginamusica.net\/ca\/serie-e\/\" \/>\n<meta property=\"og:site_name\" content=\"Imaginamusica\" \/>\n<meta property=\"article:modified_time\" content=\"2024-01-11T10:29:48+00:00\" \/>\n<meta property=\"og:image\" content=\"https:\/\/www.imaginamusica.net\/wp-content\/uploads\/2023\/07\/E4.gif\" \/>\n\t<meta property=\"og:image:width\" content=\"1200\" \/>\n\t<meta property=\"og:image:height\" content=\"1200\" \/>\n\t<meta property=\"og:image:type\" content=\"image\/gif\" \/>\n<meta name=\"twitter:card\" content=\"summary_large_image\" \/>\n<meta name=\"twitter:label1\" content=\"Est. reading time\" \/>\n\t<meta name=\"twitter:data1\" content=\"2 minutes\" \/>\n<script type=\"application\/ld+json\" class=\"yoast-schema-graph\">{\"@context\":\"https:\/\/schema.org\",\"@graph\":[{\"@type\":\"WebPage\",\"@id\":\"https:\/\/www.imaginamusica.net\/ca\/serie-e\/\",\"url\":\"https:\/\/www.imaginamusica.net\/ca\/serie-e\/\",\"name\":\"S\u00e8rie E - Imaginamusica\",\"isPartOf\":{\"@id\":\"https:\/\/www.imaginamusica.net\/#website\"},\"datePublished\":\"2023-07-26T08:30:00+00:00\",\"dateModified\":\"2024-01-11T10:29:48+00:00\",\"description\":\"La S\u00e8rie E \u00e9s r\u00e0pida i f\u00e0cil de manipular i ofereix solucions elegants tant per a discursos com per a m\u00fasica o refor\u00e7 distribu\u00eft.\",\"breadcrumb\":{\"@id\":\"https:\/\/www.imaginamusica.net\/ca\/serie-e\/#breadcrumb\"},\"inLanguage\":\"ca\",\"potentialAction\":[{\"@type\":\"ReadAction\",\"target\":[\"https:\/\/www.imaginamusica.net\/ca\/serie-e\/\"]}]},{\"@type\":\"BreadcrumbList\",\"@id\":\"https:\/\/www.imaginamusica.net\/ca\/serie-e\/#breadcrumb\",\"itemListElement\":[{\"@type\":\"ListItem\",\"position\":1,\"name\":\"Portada\",\"item\":\"https:\/\/www.imaginamusica.net\/\"},{\"@type\":\"ListItem\",\"position\":2,\"name\":\"S\u00e8rie E\"}]},{\"@type\":\"WebSite\",\"@id\":\"https:\/\/www.imaginamusica.net\/#website\",\"url\":\"https:\/\/www.imaginamusica.net\/\",\"name\":\"Imaginamusica\",\"description\":\"Distribuidores d&amp;b\",\"potentialAction\":[{\"@type\":\"SearchAction\",\"target\":{\"@type\":\"EntryPoint\",\"urlTemplate\":\"https:\/\/www.imaginamusica.net\/?s={search_term_string}\"},\"query-input\":\"required name=search_term_string\"}],\"inLanguage\":\"ca\"}]}<\/script>\n<!-- \/ Yoast SEO plugin. -->","yoast_head_json":{"title":"S\u00e8rie E - Imaginamusica","description":"La S\u00e8rie E \u00e9s r\u00e0pida i f\u00e0cil de manipular i ofereix solucions elegants tant per a discursos com per a m\u00fasica o refor\u00e7 distribu\u00eft.","robots":{"index":"index","follow":"follow","max-snippet":"max-snippet:-1","max-image-preview":"max-image-preview:large","max-video-preview":"max-video-preview:-1"},"canonical":"https:\/\/www.imaginamusica.net\/ca\/serie-e\/","og_locale":"ca_ES","og_type":"article","og_title":"S\u00e8rie E - Imaginamusica","og_description":"La S\u00e8rie E \u00e9s r\u00e0pida i f\u00e0cil de manipular i ofereix solucions elegants tant per a discursos com per a m\u00fasica o refor\u00e7 distribu\u00eft.","og_url":"https:\/\/www.imaginamusica.net\/ca\/serie-e\/","og_site_name":"Imaginamusica","article_modified_time":"2024-01-11T10:29:48+00:00","og_image":[{"width":1200,"height":1200,"url":"https:\/\/www.imaginamusica.net\/wp-content\/uploads\/2023\/07\/E4.gif","type":"image\/gif"}],"twitter_card":"summary_large_image","twitter_misc":{"Est. reading time":"2 minutes"},"schema":{"@context":"https:\/\/schema.org","@graph":[{"@type":"WebPage","@id":"https:\/\/www.imaginamusica.net\/ca\/serie-e\/","url":"https:\/\/www.imaginamusica.net\/ca\/serie-e\/","name":"S\u00e8rie E - Imaginamusica","isPartOf":{"@id":"https:\/\/www.imaginamusica.net\/#website"},"datePublished":"2023-07-26T08:30:00+00:00","dateModified":"2024-01-11T10:29:48+00:00","description":"La S\u00e8rie E \u00e9s r\u00e0pida i f\u00e0cil de manipular i ofereix solucions elegants tant per a discursos com per a m\u00fasica o refor\u00e7 distribu\u00eft.","breadcrumb":{"@id":"https:\/\/www.imaginamusica.net\/ca\/serie-e\/#breadcrumb"},"inLanguage":"ca","potentialAction":[{"@type":"ReadAction","target":["https:\/\/www.imaginamusica.net\/ca\/serie-e\/"]}]},{"@type":"BreadcrumbList","@id":"https:\/\/www.imaginamusica.net\/ca\/serie-e\/#breadcrumb","itemListElement":[{"@type":"ListItem","position":1,"name":"Portada","item":"https:\/\/www.imaginamusica.net\/"},{"@type":"ListItem","position":2,"name":"S\u00e8rie E"}]},{"@type":"WebSite","@id":"https:\/\/www.imaginamusica.net\/#website","url":"https:\/\/www.imaginamusica.net\/","name":"Imaginamusica","description":"Distribuidores d&amp;b","potentialAction":[{"@type":"SearchAction","target":{"@type":"EntryPoint","urlTemplate":"https:\/\/www.imaginamusica.net\/?s={search_term_string}"},"query-input":"required name=search_term_string"}],"inLanguage":"ca"}]}},"_links":{"self":[{"href":"https:\/\/www.imaginamusica.net\/ca\/wp-json\/wp\/v2\/pages\/4811"}],"collection":[{"href":"https:\/\/www.imaginamusica.net\/ca\/wp-json\/wp\/v2\/pages"}],"about":[{"href":"https:\/\/www.imaginamusica.net\/ca\/wp-json\/wp\/v2\/types\/page"}],"author":[{"embeddable":true,"href":"https:\/\/www.imaginamusica.net\/ca\/wp-json\/wp\/v2\/users\/1"}],"replies":[{"embeddable":true,"href":"https:\/\/www.imaginamusica.net\/ca\/wp-json\/wp\/v2\/comments?post=4811"}],"version-history":[{"count":3,"href":"https:\/\/www.imaginamusica.net\/ca\/wp-json\/wp\/v2\/pages\/4811\/revisions"}],"predecessor-version":[{"id":4820,"href":"https:\/\/www.imaginamusica.net\/ca\/wp-json\/wp\/v2\/pages\/4811\/revisions\/4820"}],"wp:featuredmedia":[{"embeddable":true,"href":"https:\/\/www.imaginamusica.net\/ca\/wp-json\/wp\/v2\/media\/1928"}],"wp:attachment":[{"href":"https:\/\/www.imaginamusica.net\/ca\/wp-json\/wp\/v2\/media?parent=4811"}],"curies":[{"name":"wp","href":"https:\/\/api.w.org\/{rel}","templated":true}]}}