{"id":4823,"date":"2023-07-11T11:30:32","date_gmt":"2023-07-11T09:30:32","guid":{"rendered":"https:\/\/www.imaginamusica.net\/serie-t\/"},"modified":"2024-01-12T09:50:18","modified_gmt":"2024-01-12T08:50:18","slug":"serie-t","status":"publish","type":"page","link":"https:\/\/www.imaginamusica.net\/ca\/serie-t\/","title":{"rendered":"S\u00e8rie T"},"content":{"rendered":"<section class=\"av_textblock_section \"  itemscope=\"itemscope\" itemtype=\"https:\/\/schema.org\/CreativeWork\" ><div class='avia_textblock  '   itemprop=\"text\" ><h1 class=\"b_productsFilter-header__headline b_productsFilter-header__headline--series\" data-tests=\"product-series-headline\">S\u00e8rie T<\/h1>\n<p>La <strong>S\u00e8rie T<\/strong> ofereix dues tecnologies diferents d&#8217;altaveu en una caixa flexible:<\/p>\n<ul>\n<li>ofereix un rendiment impressionant com a <strong>array, <\/strong>el m\u00e9s petit de d&amp;b,<\/li>\n<li>com alhora, amb un gir de canell, es transforma en una <strong>soluci\u00f3 de font puntual<\/strong>.<\/li>\n<\/ul>\n<p><strong>La funcionalitat de la S\u00e8rie T abasta des d&#8217;arrays amb diverses caixes fins a solucions independents amb una sola caixa<\/strong>. \u00c9s el sistema ideal per a reproducci\u00f3 de veu i m\u00fasica.<\/p>\n<p><strong>Tant l&#8217;altaveu T10 com el T-SUB inclouen accessoris de rigging integrats que permeten la configuraci\u00f3 r\u00e0pida i senzilla de l&#8217;array<\/strong>. <strong>Els B4-SUB actius necessiten un sol canal de l&#8217;amplificador<\/strong> per crear un patr\u00f3 de dispersi\u00f3 cardioide, que evita la transmissi\u00f3 d&#8217;energia cap enrere.<br \/>\nTi10L, Ti10P i Ti-SUB s\u00f3n les versions espec\u00edfiques per a instal\u00b7lacions de la S\u00e8rie T d&#8217;aplicaci\u00f3 m\u00f2bil.<\/p>\n<\/div><\/section>\n<div class=\"flex_column av_one_full  flex_column_div av-zero-column-padding first  avia-builder-el-1  el_after_av_textblock  avia-builder-el-last  column-top-margin\" style='border-radius:0px; '><\/div>\n","protected":false},"excerpt":{"rendered":"<p>La S\u00e8rie T abasta des d&#8217;un array amb diverses caixes fins a solucions independents amb una sola caixa. \u00c9s el sistema ideal per a reproducci\u00f3 de veu i m\u00fasica.<\/p>\n","protected":false},"author":1,"featured_media":1733,"parent":0,"menu_order":0,"comment_status":"closed","ping_status":"closed","template":"","meta":[],"yoast_head":"<!-- This site is optimized with the Yoast SEO plugin v20.11 - https:\/\/yoast.com\/wordpress\/plugins\/seo\/ -->\n<title>S\u00e8rie T - Imaginamusica<\/title>\n<meta name=\"description\" content=\"La S\u00e8rie T abasta des d&#039;un array amb diverses caixes fins a solucions independents amb una sola caixa. Ideal per a veu i m\u00fasica.\" \/>\n<meta name=\"robots\" content=\"index, follow, max-snippet:-1, max-image-preview:large, max-video-preview:-1\" \/>\n<link rel=\"canonical\" href=\"https:\/\/www.imaginamusica.net\/ca\/serie-t\/\" \/>\n<meta property=\"og:locale\" content=\"ca_ES\" \/>\n<meta property=\"og:type\" content=\"article\" \/>\n<meta property=\"og:title\" content=\"S\u00e8rie T - Imaginamusica\" \/>\n<meta property=\"og:description\" content=\"La S\u00e8rie T abasta des d&#039;un array amb diverses caixes fins a solucions independents amb una sola caixa. Ideal per a veu i m\u00fasica.\" \/>\n<meta property=\"og:url\" content=\"https:\/\/www.imaginamusica.net\/ca\/serie-t\/\" \/>\n<meta property=\"og:site_name\" content=\"Imaginamusica\" \/>\n<meta property=\"article:modified_time\" content=\"2024-01-12T08:50:18+00:00\" \/>\n<meta property=\"og:image\" content=\"https:\/\/www.imaginamusica.net\/wp-content\/uploads\/2023\/07\/T10_1.gif\" \/>\n\t<meta property=\"og:image:width\" content=\"1200\" \/>\n\t<meta property=\"og:image:height\" content=\"1200\" \/>\n\t<meta property=\"og:image:type\" content=\"image\/gif\" \/>\n<meta name=\"twitter:card\" content=\"summary_large_image\" \/>\n<meta name=\"twitter:label1\" content=\"Est. reading time\" \/>\n\t<meta name=\"twitter:data1\" content=\"1 minute\" \/>\n<script type=\"application\/ld+json\" class=\"yoast-schema-graph\">{\"@context\":\"https:\/\/schema.org\",\"@graph\":[{\"@type\":\"WebPage\",\"@id\":\"https:\/\/www.imaginamusica.net\/ca\/serie-t\/\",\"url\":\"https:\/\/www.imaginamusica.net\/ca\/serie-t\/\",\"name\":\"S\u00e8rie T - Imaginamusica\",\"isPartOf\":{\"@id\":\"https:\/\/www.imaginamusica.net\/#website\"},\"datePublished\":\"2023-07-11T09:30:32+00:00\",\"dateModified\":\"2024-01-12T08:50:18+00:00\",\"description\":\"La S\u00e8rie T abasta des d'un array amb diverses caixes fins a solucions independents amb una sola caixa. Ideal per a veu i m\u00fasica.\",\"breadcrumb\":{\"@id\":\"https:\/\/www.imaginamusica.net\/ca\/serie-t\/#breadcrumb\"},\"inLanguage\":\"ca\",\"potentialAction\":[{\"@type\":\"ReadAction\",\"target\":[\"https:\/\/www.imaginamusica.net\/ca\/serie-t\/\"]}]},{\"@type\":\"BreadcrumbList\",\"@id\":\"https:\/\/www.imaginamusica.net\/ca\/serie-t\/#breadcrumb\",\"itemListElement\":[{\"@type\":\"ListItem\",\"position\":1,\"name\":\"Portada\",\"item\":\"https:\/\/www.imaginamusica.net\/\"},{\"@type\":\"ListItem\",\"position\":2,\"name\":\"S\u00e8rie T\"}]},{\"@type\":\"WebSite\",\"@id\":\"https:\/\/www.imaginamusica.net\/#website\",\"url\":\"https:\/\/www.imaginamusica.net\/\",\"name\":\"Imaginamusica\",\"description\":\"Distribuidores d&amp;b\",\"potentialAction\":[{\"@type\":\"SearchAction\",\"target\":{\"@type\":\"EntryPoint\",\"urlTemplate\":\"https:\/\/www.imaginamusica.net\/?s={search_term_string}\"},\"query-input\":\"required name=search_term_string\"}],\"inLanguage\":\"ca\"}]}<\/script>\n<!-- \/ Yoast SEO plugin. -->","yoast_head_json":{"title":"S\u00e8rie T - Imaginamusica","description":"La S\u00e8rie T abasta des d'un array amb diverses caixes fins a solucions independents amb una sola caixa. Ideal per a veu i m\u00fasica.","robots":{"index":"index","follow":"follow","max-snippet":"max-snippet:-1","max-image-preview":"max-image-preview:large","max-video-preview":"max-video-preview:-1"},"canonical":"https:\/\/www.imaginamusica.net\/ca\/serie-t\/","og_locale":"ca_ES","og_type":"article","og_title":"S\u00e8rie T - Imaginamusica","og_description":"La S\u00e8rie T abasta des d'un array amb diverses caixes fins a solucions independents amb una sola caixa. Ideal per a veu i m\u00fasica.","og_url":"https:\/\/www.imaginamusica.net\/ca\/serie-t\/","og_site_name":"Imaginamusica","article_modified_time":"2024-01-12T08:50:18+00:00","og_image":[{"width":1200,"height":1200,"url":"https:\/\/www.imaginamusica.net\/wp-content\/uploads\/2023\/07\/T10_1.gif","type":"image\/gif"}],"twitter_card":"summary_large_image","twitter_misc":{"Est. reading time":"1 minute"},"schema":{"@context":"https:\/\/schema.org","@graph":[{"@type":"WebPage","@id":"https:\/\/www.imaginamusica.net\/ca\/serie-t\/","url":"https:\/\/www.imaginamusica.net\/ca\/serie-t\/","name":"S\u00e8rie T - Imaginamusica","isPartOf":{"@id":"https:\/\/www.imaginamusica.net\/#website"},"datePublished":"2023-07-11T09:30:32+00:00","dateModified":"2024-01-12T08:50:18+00:00","description":"La S\u00e8rie T abasta des d'un array amb diverses caixes fins a solucions independents amb una sola caixa. Ideal per a veu i m\u00fasica.","breadcrumb":{"@id":"https:\/\/www.imaginamusica.net\/ca\/serie-t\/#breadcrumb"},"inLanguage":"ca","potentialAction":[{"@type":"ReadAction","target":["https:\/\/www.imaginamusica.net\/ca\/serie-t\/"]}]},{"@type":"BreadcrumbList","@id":"https:\/\/www.imaginamusica.net\/ca\/serie-t\/#breadcrumb","itemListElement":[{"@type":"ListItem","position":1,"name":"Portada","item":"https:\/\/www.imaginamusica.net\/"},{"@type":"ListItem","position":2,"name":"S\u00e8rie T"}]},{"@type":"WebSite","@id":"https:\/\/www.imaginamusica.net\/#website","url":"https:\/\/www.imaginamusica.net\/","name":"Imaginamusica","description":"Distribuidores d&amp;b","potentialAction":[{"@type":"SearchAction","target":{"@type":"EntryPoint","urlTemplate":"https:\/\/www.imaginamusica.net\/?s={search_term_string}"},"query-input":"required name=search_term_string"}],"inLanguage":"ca"}]}},"_links":{"self":[{"href":"https:\/\/www.imaginamusica.net\/ca\/wp-json\/wp\/v2\/pages\/4823"}],"collection":[{"href":"https:\/\/www.imaginamusica.net\/ca\/wp-json\/wp\/v2\/pages"}],"about":[{"href":"https:\/\/www.imaginamusica.net\/ca\/wp-json\/wp\/v2\/types\/page"}],"author":[{"embeddable":true,"href":"https:\/\/www.imaginamusica.net\/ca\/wp-json\/wp\/v2\/users\/1"}],"replies":[{"embeddable":true,"href":"https:\/\/www.imaginamusica.net\/ca\/wp-json\/wp\/v2\/comments?post=4823"}],"version-history":[{"count":4,"href":"https:\/\/www.imaginamusica.net\/ca\/wp-json\/wp\/v2\/pages\/4823\/revisions"}],"predecessor-version":[{"id":4828,"href":"https:\/\/www.imaginamusica.net\/ca\/wp-json\/wp\/v2\/pages\/4823\/revisions\/4828"}],"wp:featuredmedia":[{"embeddable":true,"href":"https:\/\/www.imaginamusica.net\/ca\/wp-json\/wp\/v2\/media\/1733"}],"wp:attachment":[{"href":"https:\/\/www.imaginamusica.net\/ca\/wp-json\/wp\/v2\/media?parent=4823"}],"curies":[{"name":"wp","href":"https:\/\/api.w.org\/{rel}","templated":true}]}}