{"id":4837,"date":"2023-09-08T12:39:42","date_gmt":"2023-09-08T10:39:42","guid":{"rendered":"https:\/\/www.imaginamusica.net\/serie-xa\/"},"modified":"2024-01-12T10:16:41","modified_gmt":"2024-01-12T09:16:41","slug":"serie-xa","status":"publish","type":"page","link":"https:\/\/www.imaginamusica.net\/ca\/serie-xa\/","title":{"rendered":"S\u00e8rie xA"},"content":{"rendered":"<section class=\"av_textblock_section \"  itemscope=\"itemscope\" itemtype=\"https:\/\/schema.org\/CreativeWork\" ><div class='avia_textblock  '   itemprop=\"text\" ><h1 class=\"b_productsFilter-header__headline b_productsFilter-header__headline--series\" data-tests=\"product-series-headline\">S\u00e8rie xA<\/h1>\n<p>La S\u00e8rie xA t\u00e9 un disseny senzill i lleuger amb opcions de dispersi\u00f3 ampla i estreta. Es pot combinar en arrays i encaixa amb eleg\u00e0ncia i efic\u00e0cia en diferents espais, com ara llocs de culte, recintes esportius de mida petita a mitja, teatres d&#8217;\u00f2pera, ajuntaments i discoteques.<\/p>\n<\/div><\/section>\n<div class=\"flex_column av_one_full  flex_column_div av-zero-column-padding first  avia-builder-el-1  el_after_av_textblock  avia-builder-el-last  column-top-margin\" style='border-radius:0px; '><\/div>\n","protected":false},"excerpt":{"rendered":"<p>La S\u00e8rie xA t\u00e9 un disseny senzill i lleuger amb opcions de dispersi\u00f3 ampla i estreta que encaixa amb eleg\u00e0ncia i efic\u00e0cia en diferents espais.<\/p>\n","protected":false},"author":1,"featured_media":2708,"parent":0,"menu_order":0,"comment_status":"closed","ping_status":"closed","template":"","meta":[],"yoast_head":"<!-- This site is optimized with the Yoast SEO plugin v20.11 - https:\/\/yoast.com\/wordpress\/plugins\/seo\/ -->\n<title>S\u00e8rie xA - Imaginamusica<\/title>\n<meta name=\"description\" content=\"La S\u00e8rie xA t\u00e9 un disseny senzill i lleuger amb opcions de dispersi\u00f3 ampla i estreta que encaixa amb eleg\u00e0ncia i efic\u00e0cia en diferents espais.\" \/>\n<meta name=\"robots\" content=\"index, follow, max-snippet:-1, max-image-preview:large, max-video-preview:-1\" \/>\n<link rel=\"canonical\" href=\"https:\/\/www.imaginamusica.net\/ca\/serie-xa\/\" \/>\n<meta property=\"og:locale\" content=\"ca_ES\" \/>\n<meta property=\"og:type\" content=\"article\" \/>\n<meta property=\"og:title\" content=\"S\u00e8rie xA - Imaginamusica\" \/>\n<meta property=\"og:description\" content=\"La S\u00e8rie xA t\u00e9 un disseny senzill i lleuger amb opcions de dispersi\u00f3 ampla i estreta que encaixa amb eleg\u00e0ncia i efic\u00e0cia en diferents espais.\" \/>\n<meta property=\"og:url\" content=\"https:\/\/www.imaginamusica.net\/ca\/serie-xa\/\" \/>\n<meta property=\"og:site_name\" content=\"Imaginamusica\" \/>\n<meta property=\"article:modified_time\" content=\"2024-01-12T09:16:41+00:00\" \/>\n<meta property=\"og:image\" content=\"https:\/\/www.imaginamusica.net\/wp-content\/uploads\/2023\/08\/10A_1.gif\" \/>\n\t<meta property=\"og:image:width\" content=\"1200\" \/>\n\t<meta property=\"og:image:height\" content=\"1200\" \/>\n\t<meta property=\"og:image:type\" content=\"image\/gif\" \/>\n<meta name=\"twitter:card\" content=\"summary_large_image\" \/>\n<meta name=\"twitter:label1\" content=\"Est. reading time\" \/>\n\t<meta name=\"twitter:data1\" content=\"1 minute\" \/>\n<script type=\"application\/ld+json\" class=\"yoast-schema-graph\">{\"@context\":\"https:\/\/schema.org\",\"@graph\":[{\"@type\":\"WebPage\",\"@id\":\"https:\/\/www.imaginamusica.net\/ca\/serie-xa\/\",\"url\":\"https:\/\/www.imaginamusica.net\/ca\/serie-xa\/\",\"name\":\"S\u00e8rie xA - Imaginamusica\",\"isPartOf\":{\"@id\":\"https:\/\/www.imaginamusica.net\/#website\"},\"datePublished\":\"2023-09-08T10:39:42+00:00\",\"dateModified\":\"2024-01-12T09:16:41+00:00\",\"description\":\"La S\u00e8rie xA t\u00e9 un disseny senzill i lleuger amb opcions de dispersi\u00f3 ampla i estreta que encaixa amb eleg\u00e0ncia i efic\u00e0cia en diferents espais.\",\"breadcrumb\":{\"@id\":\"https:\/\/www.imaginamusica.net\/ca\/serie-xa\/#breadcrumb\"},\"inLanguage\":\"ca\",\"potentialAction\":[{\"@type\":\"ReadAction\",\"target\":[\"https:\/\/www.imaginamusica.net\/ca\/serie-xa\/\"]}]},{\"@type\":\"BreadcrumbList\",\"@id\":\"https:\/\/www.imaginamusica.net\/ca\/serie-xa\/#breadcrumb\",\"itemListElement\":[{\"@type\":\"ListItem\",\"position\":1,\"name\":\"Portada\",\"item\":\"https:\/\/www.imaginamusica.net\/\"},{\"@type\":\"ListItem\",\"position\":2,\"name\":\"S\u00e8rie xA\"}]},{\"@type\":\"WebSite\",\"@id\":\"https:\/\/www.imaginamusica.net\/#website\",\"url\":\"https:\/\/www.imaginamusica.net\/\",\"name\":\"Imaginamusica\",\"description\":\"Distribuidores d&amp;b\",\"potentialAction\":[{\"@type\":\"SearchAction\",\"target\":{\"@type\":\"EntryPoint\",\"urlTemplate\":\"https:\/\/www.imaginamusica.net\/?s={search_term_string}\"},\"query-input\":\"required name=search_term_string\"}],\"inLanguage\":\"ca\"}]}<\/script>\n<!-- \/ Yoast SEO plugin. -->","yoast_head_json":{"title":"S\u00e8rie xA - Imaginamusica","description":"La S\u00e8rie xA t\u00e9 un disseny senzill i lleuger amb opcions de dispersi\u00f3 ampla i estreta que encaixa amb eleg\u00e0ncia i efic\u00e0cia en diferents espais.","robots":{"index":"index","follow":"follow","max-snippet":"max-snippet:-1","max-image-preview":"max-image-preview:large","max-video-preview":"max-video-preview:-1"},"canonical":"https:\/\/www.imaginamusica.net\/ca\/serie-xa\/","og_locale":"ca_ES","og_type":"article","og_title":"S\u00e8rie xA - Imaginamusica","og_description":"La S\u00e8rie xA t\u00e9 un disseny senzill i lleuger amb opcions de dispersi\u00f3 ampla i estreta que encaixa amb eleg\u00e0ncia i efic\u00e0cia en diferents espais.","og_url":"https:\/\/www.imaginamusica.net\/ca\/serie-xa\/","og_site_name":"Imaginamusica","article_modified_time":"2024-01-12T09:16:41+00:00","og_image":[{"width":1200,"height":1200,"url":"https:\/\/www.imaginamusica.net\/wp-content\/uploads\/2023\/08\/10A_1.gif","type":"image\/gif"}],"twitter_card":"summary_large_image","twitter_misc":{"Est. reading time":"1 minute"},"schema":{"@context":"https:\/\/schema.org","@graph":[{"@type":"WebPage","@id":"https:\/\/www.imaginamusica.net\/ca\/serie-xa\/","url":"https:\/\/www.imaginamusica.net\/ca\/serie-xa\/","name":"S\u00e8rie xA - Imaginamusica","isPartOf":{"@id":"https:\/\/www.imaginamusica.net\/#website"},"datePublished":"2023-09-08T10:39:42+00:00","dateModified":"2024-01-12T09:16:41+00:00","description":"La S\u00e8rie xA t\u00e9 un disseny senzill i lleuger amb opcions de dispersi\u00f3 ampla i estreta que encaixa amb eleg\u00e0ncia i efic\u00e0cia en diferents espais.","breadcrumb":{"@id":"https:\/\/www.imaginamusica.net\/ca\/serie-xa\/#breadcrumb"},"inLanguage":"ca","potentialAction":[{"@type":"ReadAction","target":["https:\/\/www.imaginamusica.net\/ca\/serie-xa\/"]}]},{"@type":"BreadcrumbList","@id":"https:\/\/www.imaginamusica.net\/ca\/serie-xa\/#breadcrumb","itemListElement":[{"@type":"ListItem","position":1,"name":"Portada","item":"https:\/\/www.imaginamusica.net\/"},{"@type":"ListItem","position":2,"name":"S\u00e8rie xA"}]},{"@type":"WebSite","@id":"https:\/\/www.imaginamusica.net\/#website","url":"https:\/\/www.imaginamusica.net\/","name":"Imaginamusica","description":"Distribuidores d&amp;b","potentialAction":[{"@type":"SearchAction","target":{"@type":"EntryPoint","urlTemplate":"https:\/\/www.imaginamusica.net\/?s={search_term_string}"},"query-input":"required name=search_term_string"}],"inLanguage":"ca"}]}},"_links":{"self":[{"href":"https:\/\/www.imaginamusica.net\/ca\/wp-json\/wp\/v2\/pages\/4837"}],"collection":[{"href":"https:\/\/www.imaginamusica.net\/ca\/wp-json\/wp\/v2\/pages"}],"about":[{"href":"https:\/\/www.imaginamusica.net\/ca\/wp-json\/wp\/v2\/types\/page"}],"author":[{"embeddable":true,"href":"https:\/\/www.imaginamusica.net\/ca\/wp-json\/wp\/v2\/users\/1"}],"replies":[{"embeddable":true,"href":"https:\/\/www.imaginamusica.net\/ca\/wp-json\/wp\/v2\/comments?post=4837"}],"version-history":[{"count":2,"href":"https:\/\/www.imaginamusica.net\/ca\/wp-json\/wp\/v2\/pages\/4837\/revisions"}],"predecessor-version":[{"id":4840,"href":"https:\/\/www.imaginamusica.net\/ca\/wp-json\/wp\/v2\/pages\/4837\/revisions\/4840"}],"wp:featuredmedia":[{"embeddable":true,"href":"https:\/\/www.imaginamusica.net\/ca\/wp-json\/wp\/v2\/media\/2708"}],"wp:attachment":[{"href":"https:\/\/www.imaginamusica.net\/ca\/wp-json\/wp\/v2\/media?parent=4837"}],"curies":[{"name":"wp","href":"https:\/\/api.w.org\/{rel}","templated":true}]}}