{"id":4842,"date":"2023-09-12T12:40:32","date_gmt":"2023-09-12T10:40:32","guid":{"rendered":"https:\/\/www.imaginamusica.net\/serie-xc\/"},"modified":"2024-01-12T12:44:09","modified_gmt":"2024-01-12T11:44:09","slug":"serie-xc","status":"publish","type":"page","link":"https:\/\/www.imaginamusica.net\/ca\/serie-xc\/","title":{"rendered":"Serie xC"},"content":{"rendered":"<section class=\"av_textblock_section \"  itemscope=\"itemscope\" itemtype=\"https:\/\/schema.org\/CreativeWork\" ><div class='avia_textblock  '   itemprop=\"text\" ><h1 class=\"b_productsFilter-header__headline b_productsFilter-header__headline--series\" data-tests=\"product-series-headline\">Serie xC<\/h1>\n<p>Els altaveus de columna passius de 2 vies de la S\u00e8rie xC tenen un disseny elegant i ofereixen solucions eficaces i discretes per a entorns ac\u00fasticament exigents.<\/p>\n<p>Totes les caixes xC ofereixen una elevada intel\u00b7ligibilitat, un excel\u00b7lent control de la directivitat, una resposta de freq\u00fc\u00e8ncia uniforme dins i fora de l&#8217;eix, i un patr\u00f3 de dispersi\u00f3 cardioide d&#8217;ample de banda complet.<br \/>\nDegut a l&#8217;eliminaci\u00f3 de cancel\u00b7lacions, la reducci\u00f3 de l&#8217;estimulaci\u00f3 del camp reverberant i l&#8217;increment del guany abans del <em>feedback,<\/em> fins i tot en recintes ac\u00fasticament exigents, el resultat un cop m\u00e9s compleix amb el lema de la marca: &#8220;Democr\u00e0cia per als oients&#8221;.<\/p>\n<\/div><\/section>\n<div class=\"flex_column av_one_full  flex_column_div av-zero-column-padding first  avia-builder-el-1  el_after_av_textblock  avia-builder-el-last  column-top-margin\" style='border-radius:0px; '><\/div>\n","protected":false},"excerpt":{"rendered":"<p>S\u00e8rie xC: elevada intel\u00b7ligibilitat, excel\u00b7lent control de la directivitat, resposta de freq\u00fc\u00e8ncia uniforme dins i fora de l&#8217;eix, i un patr\u00f3 de dispersi\u00f3 cardioide d&#8217;ample de banda complet.<\/p>\n","protected":false},"author":1,"featured_media":3439,"parent":0,"menu_order":0,"comment_status":"closed","ping_status":"closed","template":"","meta":[],"yoast_head":"<!-- This site is optimized with the Yoast SEO plugin v20.11 - https:\/\/yoast.com\/wordpress\/plugins\/seo\/ -->\n<title>Serie xC - Imaginamusica<\/title>\n<meta name=\"description\" content=\"S\u00e8rie xC: elevada intel\u00b7ligibilitat, excel\u00b7lent control de la directivitat, resposta de freq\u00fc\u00e8ncia uniforme dins i fora de l&#039;eix, i un patr\u00f3 de dispersi\u00f3 cardioide d&#039;ample de banda complet.\" \/>\n<meta name=\"robots\" content=\"index, follow, max-snippet:-1, max-image-preview:large, max-video-preview:-1\" \/>\n<link rel=\"canonical\" href=\"https:\/\/www.imaginamusica.net\/ca\/serie-xc\/\" \/>\n<meta property=\"og:locale\" content=\"ca_ES\" \/>\n<meta property=\"og:type\" content=\"article\" \/>\n<meta property=\"og:title\" content=\"Serie xC - Imaginamusica\" \/>\n<meta property=\"og:description\" content=\"S\u00e8rie xC: elevada intel\u00b7ligibilitat, excel\u00b7lent control de la directivitat, resposta de freq\u00fc\u00e8ncia uniforme dins i fora de l&#039;eix, i un patr\u00f3 de dispersi\u00f3 cardioide d&#039;ample de banda complet.\" \/>\n<meta property=\"og:url\" content=\"https:\/\/www.imaginamusica.net\/ca\/serie-xc\/\" \/>\n<meta property=\"og:site_name\" content=\"Imaginamusica\" \/>\n<meta property=\"article:modified_time\" content=\"2024-01-12T11:44:09+00:00\" \/>\n<meta property=\"og:image\" content=\"https:\/\/www.imaginamusica.net\/wp-content\/uploads\/2023\/09\/16C_1.gif\" \/>\n\t<meta property=\"og:image:width\" content=\"1200\" \/>\n\t<meta property=\"og:image:height\" content=\"1200\" \/>\n\t<meta property=\"og:image:type\" content=\"image\/gif\" \/>\n<meta name=\"twitter:card\" content=\"summary_large_image\" \/>\n<meta name=\"twitter:label1\" content=\"Est. reading time\" \/>\n\t<meta name=\"twitter:data1\" content=\"1 minute\" \/>\n<script type=\"application\/ld+json\" class=\"yoast-schema-graph\">{\"@context\":\"https:\/\/schema.org\",\"@graph\":[{\"@type\":\"WebPage\",\"@id\":\"https:\/\/www.imaginamusica.net\/ca\/serie-xc\/\",\"url\":\"https:\/\/www.imaginamusica.net\/ca\/serie-xc\/\",\"name\":\"Serie xC - Imaginamusica\",\"isPartOf\":{\"@id\":\"https:\/\/www.imaginamusica.net\/#website\"},\"datePublished\":\"2023-09-12T10:40:32+00:00\",\"dateModified\":\"2024-01-12T11:44:09+00:00\",\"description\":\"S\u00e8rie xC: elevada intel\u00b7ligibilitat, excel\u00b7lent control de la directivitat, resposta de freq\u00fc\u00e8ncia uniforme dins i fora de l'eix, i un patr\u00f3 de dispersi\u00f3 cardioide d'ample de banda complet.\",\"breadcrumb\":{\"@id\":\"https:\/\/www.imaginamusica.net\/ca\/serie-xc\/#breadcrumb\"},\"inLanguage\":\"ca\",\"potentialAction\":[{\"@type\":\"ReadAction\",\"target\":[\"https:\/\/www.imaginamusica.net\/ca\/serie-xc\/\"]}]},{\"@type\":\"BreadcrumbList\",\"@id\":\"https:\/\/www.imaginamusica.net\/ca\/serie-xc\/#breadcrumb\",\"itemListElement\":[{\"@type\":\"ListItem\",\"position\":1,\"name\":\"Portada\",\"item\":\"https:\/\/www.imaginamusica.net\/\"},{\"@type\":\"ListItem\",\"position\":2,\"name\":\"Serie xC\"}]},{\"@type\":\"WebSite\",\"@id\":\"https:\/\/www.imaginamusica.net\/#website\",\"url\":\"https:\/\/www.imaginamusica.net\/\",\"name\":\"Imaginamusica\",\"description\":\"Distribuidores d&amp;b\",\"potentialAction\":[{\"@type\":\"SearchAction\",\"target\":{\"@type\":\"EntryPoint\",\"urlTemplate\":\"https:\/\/www.imaginamusica.net\/?s={search_term_string}\"},\"query-input\":\"required name=search_term_string\"}],\"inLanguage\":\"ca\"}]}<\/script>\n<!-- \/ Yoast SEO plugin. -->","yoast_head_json":{"title":"Serie xC - Imaginamusica","description":"S\u00e8rie xC: elevada intel\u00b7ligibilitat, excel\u00b7lent control de la directivitat, resposta de freq\u00fc\u00e8ncia uniforme dins i fora de l'eix, i un patr\u00f3 de dispersi\u00f3 cardioide d'ample de banda complet.","robots":{"index":"index","follow":"follow","max-snippet":"max-snippet:-1","max-image-preview":"max-image-preview:large","max-video-preview":"max-video-preview:-1"},"canonical":"https:\/\/www.imaginamusica.net\/ca\/serie-xc\/","og_locale":"ca_ES","og_type":"article","og_title":"Serie xC - Imaginamusica","og_description":"S\u00e8rie xC: elevada intel\u00b7ligibilitat, excel\u00b7lent control de la directivitat, resposta de freq\u00fc\u00e8ncia uniforme dins i fora de l'eix, i un patr\u00f3 de dispersi\u00f3 cardioide d'ample de banda complet.","og_url":"https:\/\/www.imaginamusica.net\/ca\/serie-xc\/","og_site_name":"Imaginamusica","article_modified_time":"2024-01-12T11:44:09+00:00","og_image":[{"width":1200,"height":1200,"url":"https:\/\/www.imaginamusica.net\/wp-content\/uploads\/2023\/09\/16C_1.gif","type":"image\/gif"}],"twitter_card":"summary_large_image","twitter_misc":{"Est. reading time":"1 minute"},"schema":{"@context":"https:\/\/schema.org","@graph":[{"@type":"WebPage","@id":"https:\/\/www.imaginamusica.net\/ca\/serie-xc\/","url":"https:\/\/www.imaginamusica.net\/ca\/serie-xc\/","name":"Serie xC - Imaginamusica","isPartOf":{"@id":"https:\/\/www.imaginamusica.net\/#website"},"datePublished":"2023-09-12T10:40:32+00:00","dateModified":"2024-01-12T11:44:09+00:00","description":"S\u00e8rie xC: elevada intel\u00b7ligibilitat, excel\u00b7lent control de la directivitat, resposta de freq\u00fc\u00e8ncia uniforme dins i fora de l'eix, i un patr\u00f3 de dispersi\u00f3 cardioide d'ample de banda complet.","breadcrumb":{"@id":"https:\/\/www.imaginamusica.net\/ca\/serie-xc\/#breadcrumb"},"inLanguage":"ca","potentialAction":[{"@type":"ReadAction","target":["https:\/\/www.imaginamusica.net\/ca\/serie-xc\/"]}]},{"@type":"BreadcrumbList","@id":"https:\/\/www.imaginamusica.net\/ca\/serie-xc\/#breadcrumb","itemListElement":[{"@type":"ListItem","position":1,"name":"Portada","item":"https:\/\/www.imaginamusica.net\/"},{"@type":"ListItem","position":2,"name":"Serie xC"}]},{"@type":"WebSite","@id":"https:\/\/www.imaginamusica.net\/#website","url":"https:\/\/www.imaginamusica.net\/","name":"Imaginamusica","description":"Distribuidores d&amp;b","potentialAction":[{"@type":"SearchAction","target":{"@type":"EntryPoint","urlTemplate":"https:\/\/www.imaginamusica.net\/?s={search_term_string}"},"query-input":"required name=search_term_string"}],"inLanguage":"ca"}]}},"_links":{"self":[{"href":"https:\/\/www.imaginamusica.net\/ca\/wp-json\/wp\/v2\/pages\/4842"}],"collection":[{"href":"https:\/\/www.imaginamusica.net\/ca\/wp-json\/wp\/v2\/pages"}],"about":[{"href":"https:\/\/www.imaginamusica.net\/ca\/wp-json\/wp\/v2\/types\/page"}],"author":[{"embeddable":true,"href":"https:\/\/www.imaginamusica.net\/ca\/wp-json\/wp\/v2\/users\/1"}],"replies":[{"embeddable":true,"href":"https:\/\/www.imaginamusica.net\/ca\/wp-json\/wp\/v2\/comments?post=4842"}],"version-history":[{"count":2,"href":"https:\/\/www.imaginamusica.net\/ca\/wp-json\/wp\/v2\/pages\/4842\/revisions"}],"predecessor-version":[{"id":4844,"href":"https:\/\/www.imaginamusica.net\/ca\/wp-json\/wp\/v2\/pages\/4842\/revisions\/4844"}],"wp:featuredmedia":[{"embeddable":true,"href":"https:\/\/www.imaginamusica.net\/ca\/wp-json\/wp\/v2\/media\/3439"}],"wp:attachment":[{"href":"https:\/\/www.imaginamusica.net\/ca\/wp-json\/wp\/v2\/media?parent=4842"}],"curies":[{"name":"wp","href":"https:\/\/api.w.org\/{rel}","templated":true}]}}