{"id":4846,"date":"2023-09-12T12:33:08","date_gmt":"2023-09-12T10:33:08","guid":{"rendered":"https:\/\/www.imaginamusica.net\/serie-xs\/"},"modified":"2024-01-19T10:05:40","modified_gmt":"2024-01-19T09:05:40","slug":"serie-xs","status":"publish","type":"page","link":"https:\/\/www.imaginamusica.net\/ca\/serie-xs\/","title":{"rendered":"S\u00e8rie xS"},"content":{"rendered":"<section class=\"av_textblock_section \"  itemscope=\"itemscope\" itemtype=\"https:\/\/schema.org\/CreativeWork\" ><div class='avia_textblock  '   itemprop=\"text\" ><h1 class=\"b_productsFilter-header__headline b_productsFilter-header__headline--series\" data-tests=\"product-series-headline\">S\u00e8rie xS<\/h1>\n<p><strong>La S\u00e8rie xS \u00e9s la soluci\u00f3 ideal per a instal\u00b7lacions<\/strong> perqu\u00e8 t\u00e9 una \u00e0mplia varietat de mides, pot\u00e8ncia de sortida i uns patrons de dispersi\u00f3 que satisfan les demandes espec\u00edfiques de les aplicacions permanents.<br \/>\nGr\u00e0cies a les<strong> trompetes girables<\/strong> que permeten que els altaveus se situ\u00efn en qualsevol orientaci\u00f3, i a la tecnologia del <strong>subwoofer cardioide<\/strong> que ofereix les freq\u00fc\u00e8ncies baixes exactament all\u00e0 on es necessiten i no darrere del sistema, els altaveus xS es poden instal\u00b7lar en gran varietat de recintes.<\/p>\n<\/div><\/section>\n<div class=\"flex_column av_one_full  flex_column_div av-zero-column-padding first  avia-builder-el-1  el_after_av_textblock  avia-builder-el-last  column-top-margin\" style='border-radius:0px; '><\/div>\n","protected":false},"excerpt":{"rendered":"<p>La S\u00e8rie xS \u00e9s ideal per a instal\u00b7lacions ja que les seves caracter\u00edstiques satisfan les demandes espec\u00edfiques de les aplicacions permanents.<\/p>\n","protected":false},"author":1,"featured_media":2904,"parent":0,"menu_order":0,"comment_status":"closed","ping_status":"closed","template":"","meta":[],"yoast_head":"<!-- This site is optimized with the Yoast SEO plugin v20.11 - https:\/\/yoast.com\/wordpress\/plugins\/seo\/ -->\n<title>S\u00e8rie xS - Imaginamusica<\/title>\n<meta name=\"description\" content=\"La S\u00e8rie xS \u00e9s ideal per a instal\u00b7lacions ja que les seves caracter\u00edstiques satisfan les demandes espec\u00edfiques de les aplicacions permanents.\" \/>\n<meta name=\"robots\" content=\"index, follow, max-snippet:-1, max-image-preview:large, max-video-preview:-1\" \/>\n<link rel=\"canonical\" href=\"https:\/\/www.imaginamusica.net\/ca\/serie-xs\/\" \/>\n<meta property=\"og:locale\" content=\"ca_ES\" \/>\n<meta property=\"og:type\" content=\"article\" \/>\n<meta property=\"og:title\" content=\"S\u00e8rie xS - Imaginamusica\" \/>\n<meta property=\"og:description\" content=\"La S\u00e8rie xS \u00e9s ideal per a instal\u00b7lacions ja que les seves caracter\u00edstiques satisfan les demandes espec\u00edfiques de les aplicacions permanents.\" \/>\n<meta property=\"og:url\" content=\"https:\/\/www.imaginamusica.net\/ca\/serie-xs\/\" \/>\n<meta property=\"og:site_name\" content=\"Imaginamusica\" \/>\n<meta property=\"article:modified_time\" content=\"2024-01-19T09:05:40+00:00\" \/>\n<meta property=\"og:image\" content=\"https:\/\/www.imaginamusica.net\/wp-content\/uploads\/2023\/08\/10S_1.jpg\" \/>\n\t<meta property=\"og:image:width\" content=\"1200\" \/>\n\t<meta property=\"og:image:height\" content=\"1200\" \/>\n\t<meta property=\"og:image:type\" content=\"image\/jpeg\" \/>\n<meta name=\"twitter:card\" content=\"summary_large_image\" \/>\n<meta name=\"twitter:label1\" content=\"Est. reading time\" \/>\n\t<meta name=\"twitter:data1\" content=\"1 minute\" \/>\n<script type=\"application\/ld+json\" class=\"yoast-schema-graph\">{\"@context\":\"https:\/\/schema.org\",\"@graph\":[{\"@type\":\"WebPage\",\"@id\":\"https:\/\/www.imaginamusica.net\/ca\/serie-xs\/\",\"url\":\"https:\/\/www.imaginamusica.net\/ca\/serie-xs\/\",\"name\":\"S\u00e8rie xS - Imaginamusica\",\"isPartOf\":{\"@id\":\"https:\/\/www.imaginamusica.net\/#website\"},\"datePublished\":\"2023-09-12T10:33:08+00:00\",\"dateModified\":\"2024-01-19T09:05:40+00:00\",\"description\":\"La S\u00e8rie xS \u00e9s ideal per a instal\u00b7lacions ja que les seves caracter\u00edstiques satisfan les demandes espec\u00edfiques de les aplicacions permanents.\",\"breadcrumb\":{\"@id\":\"https:\/\/www.imaginamusica.net\/ca\/serie-xs\/#breadcrumb\"},\"inLanguage\":\"ca\",\"potentialAction\":[{\"@type\":\"ReadAction\",\"target\":[\"https:\/\/www.imaginamusica.net\/ca\/serie-xs\/\"]}]},{\"@type\":\"BreadcrumbList\",\"@id\":\"https:\/\/www.imaginamusica.net\/ca\/serie-xs\/#breadcrumb\",\"itemListElement\":[{\"@type\":\"ListItem\",\"position\":1,\"name\":\"Portada\",\"item\":\"https:\/\/www.imaginamusica.net\/\"},{\"@type\":\"ListItem\",\"position\":2,\"name\":\"S\u00e8rie xS\"}]},{\"@type\":\"WebSite\",\"@id\":\"https:\/\/www.imaginamusica.net\/#website\",\"url\":\"https:\/\/www.imaginamusica.net\/\",\"name\":\"Imaginamusica\",\"description\":\"Distribuidores d&amp;b\",\"potentialAction\":[{\"@type\":\"SearchAction\",\"target\":{\"@type\":\"EntryPoint\",\"urlTemplate\":\"https:\/\/www.imaginamusica.net\/?s={search_term_string}\"},\"query-input\":\"required name=search_term_string\"}],\"inLanguage\":\"ca\"}]}<\/script>\n<!-- \/ Yoast SEO plugin. -->","yoast_head_json":{"title":"S\u00e8rie xS - Imaginamusica","description":"La S\u00e8rie xS \u00e9s ideal per a instal\u00b7lacions ja que les seves caracter\u00edstiques satisfan les demandes espec\u00edfiques de les aplicacions permanents.","robots":{"index":"index","follow":"follow","max-snippet":"max-snippet:-1","max-image-preview":"max-image-preview:large","max-video-preview":"max-video-preview:-1"},"canonical":"https:\/\/www.imaginamusica.net\/ca\/serie-xs\/","og_locale":"ca_ES","og_type":"article","og_title":"S\u00e8rie xS - Imaginamusica","og_description":"La S\u00e8rie xS \u00e9s ideal per a instal\u00b7lacions ja que les seves caracter\u00edstiques satisfan les demandes espec\u00edfiques de les aplicacions permanents.","og_url":"https:\/\/www.imaginamusica.net\/ca\/serie-xs\/","og_site_name":"Imaginamusica","article_modified_time":"2024-01-19T09:05:40+00:00","og_image":[{"width":1200,"height":1200,"url":"https:\/\/www.imaginamusica.net\/wp-content\/uploads\/2023\/08\/10S_1.jpg","type":"image\/jpeg"}],"twitter_card":"summary_large_image","twitter_misc":{"Est. reading time":"1 minute"},"schema":{"@context":"https:\/\/schema.org","@graph":[{"@type":"WebPage","@id":"https:\/\/www.imaginamusica.net\/ca\/serie-xs\/","url":"https:\/\/www.imaginamusica.net\/ca\/serie-xs\/","name":"S\u00e8rie xS - Imaginamusica","isPartOf":{"@id":"https:\/\/www.imaginamusica.net\/#website"},"datePublished":"2023-09-12T10:33:08+00:00","dateModified":"2024-01-19T09:05:40+00:00","description":"La S\u00e8rie xS \u00e9s ideal per a instal\u00b7lacions ja que les seves caracter\u00edstiques satisfan les demandes espec\u00edfiques de les aplicacions permanents.","breadcrumb":{"@id":"https:\/\/www.imaginamusica.net\/ca\/serie-xs\/#breadcrumb"},"inLanguage":"ca","potentialAction":[{"@type":"ReadAction","target":["https:\/\/www.imaginamusica.net\/ca\/serie-xs\/"]}]},{"@type":"BreadcrumbList","@id":"https:\/\/www.imaginamusica.net\/ca\/serie-xs\/#breadcrumb","itemListElement":[{"@type":"ListItem","position":1,"name":"Portada","item":"https:\/\/www.imaginamusica.net\/"},{"@type":"ListItem","position":2,"name":"S\u00e8rie xS"}]},{"@type":"WebSite","@id":"https:\/\/www.imaginamusica.net\/#website","url":"https:\/\/www.imaginamusica.net\/","name":"Imaginamusica","description":"Distribuidores d&amp;b","potentialAction":[{"@type":"SearchAction","target":{"@type":"EntryPoint","urlTemplate":"https:\/\/www.imaginamusica.net\/?s={search_term_string}"},"query-input":"required name=search_term_string"}],"inLanguage":"ca"}]}},"_links":{"self":[{"href":"https:\/\/www.imaginamusica.net\/ca\/wp-json\/wp\/v2\/pages\/4846"}],"collection":[{"href":"https:\/\/www.imaginamusica.net\/ca\/wp-json\/wp\/v2\/pages"}],"about":[{"href":"https:\/\/www.imaginamusica.net\/ca\/wp-json\/wp\/v2\/types\/page"}],"author":[{"embeddable":true,"href":"https:\/\/www.imaginamusica.net\/ca\/wp-json\/wp\/v2\/users\/1"}],"replies":[{"embeddable":true,"href":"https:\/\/www.imaginamusica.net\/ca\/wp-json\/wp\/v2\/comments?post=4846"}],"version-history":[{"count":4,"href":"https:\/\/www.imaginamusica.net\/ca\/wp-json\/wp\/v2\/pages\/4846\/revisions"}],"predecessor-version":[{"id":4857,"href":"https:\/\/www.imaginamusica.net\/ca\/wp-json\/wp\/v2\/pages\/4846\/revisions\/4857"}],"wp:featuredmedia":[{"embeddable":true,"href":"https:\/\/www.imaginamusica.net\/ca\/wp-json\/wp\/v2\/media\/2904"}],"wp:attachment":[{"href":"https:\/\/www.imaginamusica.net\/ca\/wp-json\/wp\/v2\/media?parent=4846"}],"curies":[{"name":"wp","href":"https:\/\/api.w.org\/{rel}","templated":true}]}}