{"id":697,"date":"2019-10-22T15:55:39","date_gmt":"2019-10-22T13:55:39","guid":{"rendered":"http:\/\/www.imaginamusica.net\/aviso-legal\/"},"modified":"2024-01-11T10:53:01","modified_gmt":"2024-01-11T09:53:01","slug":"avis-legal","status":"publish","type":"page","link":"https:\/\/www.imaginamusica.net\/ca\/avis-legal\/","title":{"rendered":"Av\u00eds legal"},"content":{"rendered":"<p>En compliment de l&#8217;article 10 de la Llei 34\/2002, de l&#8217;11 de juliol, dels <strong>Serveis de la Societat de la Informaci\u00f3 i Comer\u00e7 Electr\u00f2nic<\/strong> (LSSICE), a continuaci\u00f3 es detallen les dades identificatives de l&#8217;entitat: Ra\u00f3 social: Imaginam\u00fasica 2007, S.L. NIF: B64827637 Adre\u00e7a: CARRER GARCILASO, 26 &#8211; 08915 &#8211; BADALONA &#8211; BARCELONA <strong>Tel\u00e8fon: 933870054<\/strong> Email: info@imaginamusica.net <strong>REGISTRE MERCANTIL DE BARCELONA TOM: 40461, FOLI 6, 4: SECCI\u00d3: 1<\/strong><\/p>\n<ul>\n<li><strong>FINALITAT DEL WEB<\/strong><\/li>\n<\/ul>\n<p>Mostrar informaci\u00f3 de contacte i localitzaci\u00f3 de la nostra empresa. Aquest av\u00eds legal (d&#8217;ara endavant, l'&#8221;Av\u00eds Legal&#8221;) regula l&#8217;\u00fas del lloc web: www.imaginamusica.es<\/p>\n<ul>\n<li><strong>LEGISLACI\u00d3<\/strong><\/li>\n<\/ul>\n<p>Amb car\u00e0cter general les relacions entre Imaginam\u00fasica 2007, S.L. i els Usuaris dels seus serveis telem\u00e0tics, presents en aquest lloc web, estan sotmeses a la legislaci\u00f3 i jurisdicci\u00f3 espanyoles.<\/p>\n<ul>\n<li><strong>\u00daS I ACC\u00c9S D&#8217;USUARIS<\/strong><\/li>\n<\/ul>\n<p>L&#8217;Usuari queda informat, i accepta, que l&#8217;acc\u00e9s a la present web no suposa, de cap manera, l&#8217;inici d&#8217;una relaci\u00f3 comercial amb Imaginam\u00fasica 2007, S.L. o qualsevol de les seves delegacions.<\/p>\n<ul>\n<li><strong>PROPIETAT INTEL\u00b7LECTUAL I INDUSTRIAL<\/strong><\/li>\n<\/ul>\n<p>Els drets de propietat intel\u00b7lectual del contingut de les p\u00e0gines web, el disseny gr\u00e0fic i els codis s\u00f3n titularitat d&#8217;Imaginam\u00fasica 2007, S.L. i, per tant, queda prohibida la seva reproducci\u00f3, distribuci\u00f3, comunicaci\u00f3 p\u00fablica, transformaci\u00f3 o qualsevol altra activitat que es pugui realitzar amb els continguts d&#8217;aquestes p\u00e0gines ni que sigui citant les fonts, llevat del consentiment per escrit de l&#8217;empresa Imaginam\u00fasica 2007, S.L.<\/p>\n<ul>\n<li><strong>CONTINGUT DE WEB I ENLLA\u00c7OS (LINKS)<\/strong><\/li>\n<\/ul>\n<p>Imaginam\u00fasica 2007, S.L. es reserva el dret a actualitzar, modificar o eliminar la informaci\u00f3 continguda al seu web i fins i tot pot limitar o no permetre l&#8217;acc\u00e9s a aquesta informaci\u00f3 a certs usuaris.<br \/>\nImaginam\u00fasica 2007, S.L. no assumeix cap responsabilitat per la informaci\u00f3 continguda en p\u00e0gines web de tercers a les quals es pugui accedir per enlla\u00e7os des de qualsevol p\u00e0gina web propietat d&#8217;Imaginam\u00fasica 2007, S.L. . La pres\u00e8ncia d&#8217;enlla\u00e7os al web d&#8217;Imaginam\u00fasica 2007, S.L. tenen finalitat merament informativa i, en cap cas, suposa suggeriment, invitaci\u00f3 o recomanaci\u00f3 sobre aquests.<\/p>\n","protected":false},"excerpt":{"rendered":"<p>En compliment de l&#8217;article 10 de la Llei 34\/2002, de l&#8217;11 de juliol, dels Serveis de la Societat de la Informaci\u00f3 i Comer\u00e7 Electr\u00f2nic (LSSICE), a continuaci\u00f3 es detallen les dades identificatives de l&#8217;entitat Imaginam\u00fasica<\/p>\n","protected":false},"author":1,"featured_media":0,"parent":0,"menu_order":0,"comment_status":"closed","ping_status":"closed","template":"","meta":[],"yoast_head":"<!-- This site is optimized with the Yoast SEO plugin v20.11 - https:\/\/yoast.com\/wordpress\/plugins\/seo\/ -->\n<title>Av\u00eds legal - Imaginamusica<\/title>\n<meta name=\"robots\" content=\"index, follow, max-snippet:-1, max-image-preview:large, max-video-preview:-1\" \/>\n<link rel=\"canonical\" href=\"https:\/\/www.imaginamusica.net\/ca\/avis-legal\/\" \/>\n<meta property=\"og:locale\" content=\"ca_ES\" \/>\n<meta property=\"og:type\" content=\"article\" \/>\n<meta property=\"og:title\" content=\"Av\u00eds legal - Imaginamusica\" \/>\n<meta property=\"og:description\" content=\"En compliment de l&#039;article 10 de la Llei 34\/2002, de l&#039;11 de juliol, dels Serveis de la Societat de la Informaci\u00f3 i Comer\u00e7 Electr\u00f2nic (LSSICE), a continuaci\u00f3 es detallen les dades identificatives de l&#039;entitat Imaginam\u00fasica\" \/>\n<meta property=\"og:url\" content=\"https:\/\/www.imaginamusica.net\/ca\/avis-legal\/\" \/>\n<meta property=\"og:site_name\" content=\"Imaginamusica\" \/>\n<meta property=\"article:modified_time\" content=\"2024-01-11T09:53:01+00:00\" \/>\n<meta name=\"twitter:card\" content=\"summary_large_image\" \/>\n<meta name=\"twitter:label1\" content=\"Est. reading time\" \/>\n\t<meta name=\"twitter:data1\" content=\"2 minutes\" \/>\n<script type=\"application\/ld+json\" class=\"yoast-schema-graph\">{\"@context\":\"https:\/\/schema.org\",\"@graph\":[{\"@type\":\"WebPage\",\"@id\":\"https:\/\/www.imaginamusica.net\/ca\/avis-legal\/\",\"url\":\"https:\/\/www.imaginamusica.net\/ca\/avis-legal\/\",\"name\":\"Av\u00eds legal - Imaginamusica\",\"isPartOf\":{\"@id\":\"https:\/\/www.imaginamusica.net\/#website\"},\"datePublished\":\"2019-10-22T13:55:39+00:00\",\"dateModified\":\"2024-01-11T09:53:01+00:00\",\"breadcrumb\":{\"@id\":\"https:\/\/www.imaginamusica.net\/ca\/avis-legal\/#breadcrumb\"},\"inLanguage\":\"ca\",\"potentialAction\":[{\"@type\":\"ReadAction\",\"target\":[\"https:\/\/www.imaginamusica.net\/ca\/avis-legal\/\"]}]},{\"@type\":\"BreadcrumbList\",\"@id\":\"https:\/\/www.imaginamusica.net\/ca\/avis-legal\/#breadcrumb\",\"itemListElement\":[{\"@type\":\"ListItem\",\"position\":1,\"name\":\"Portada\",\"item\":\"https:\/\/www.imaginamusica.net\/\"},{\"@type\":\"ListItem\",\"position\":2,\"name\":\"Av\u00eds legal\"}]},{\"@type\":\"WebSite\",\"@id\":\"https:\/\/www.imaginamusica.net\/#website\",\"url\":\"https:\/\/www.imaginamusica.net\/\",\"name\":\"Imaginamusica\",\"description\":\"Distribuidores d&amp;b\",\"potentialAction\":[{\"@type\":\"SearchAction\",\"target\":{\"@type\":\"EntryPoint\",\"urlTemplate\":\"https:\/\/www.imaginamusica.net\/?s={search_term_string}\"},\"query-input\":\"required name=search_term_string\"}],\"inLanguage\":\"ca\"}]}<\/script>\n<!-- \/ Yoast SEO plugin. -->","yoast_head_json":{"title":"Av\u00eds legal - Imaginamusica","robots":{"index":"index","follow":"follow","max-snippet":"max-snippet:-1","max-image-preview":"max-image-preview:large","max-video-preview":"max-video-preview:-1"},"canonical":"https:\/\/www.imaginamusica.net\/ca\/avis-legal\/","og_locale":"ca_ES","og_type":"article","og_title":"Av\u00eds legal - Imaginamusica","og_description":"En compliment de l'article 10 de la Llei 34\/2002, de l'11 de juliol, dels Serveis de la Societat de la Informaci\u00f3 i Comer\u00e7 Electr\u00f2nic (LSSICE), a continuaci\u00f3 es detallen les dades identificatives de l'entitat Imaginam\u00fasica","og_url":"https:\/\/www.imaginamusica.net\/ca\/avis-legal\/","og_site_name":"Imaginamusica","article_modified_time":"2024-01-11T09:53:01+00:00","twitter_card":"summary_large_image","twitter_misc":{"Est. reading time":"2 minutes"},"schema":{"@context":"https:\/\/schema.org","@graph":[{"@type":"WebPage","@id":"https:\/\/www.imaginamusica.net\/ca\/avis-legal\/","url":"https:\/\/www.imaginamusica.net\/ca\/avis-legal\/","name":"Av\u00eds legal - Imaginamusica","isPartOf":{"@id":"https:\/\/www.imaginamusica.net\/#website"},"datePublished":"2019-10-22T13:55:39+00:00","dateModified":"2024-01-11T09:53:01+00:00","breadcrumb":{"@id":"https:\/\/www.imaginamusica.net\/ca\/avis-legal\/#breadcrumb"},"inLanguage":"ca","potentialAction":[{"@type":"ReadAction","target":["https:\/\/www.imaginamusica.net\/ca\/avis-legal\/"]}]},{"@type":"BreadcrumbList","@id":"https:\/\/www.imaginamusica.net\/ca\/avis-legal\/#breadcrumb","itemListElement":[{"@type":"ListItem","position":1,"name":"Portada","item":"https:\/\/www.imaginamusica.net\/"},{"@type":"ListItem","position":2,"name":"Av\u00eds legal"}]},{"@type":"WebSite","@id":"https:\/\/www.imaginamusica.net\/#website","url":"https:\/\/www.imaginamusica.net\/","name":"Imaginamusica","description":"Distribuidores d&amp;b","potentialAction":[{"@type":"SearchAction","target":{"@type":"EntryPoint","urlTemplate":"https:\/\/www.imaginamusica.net\/?s={search_term_string}"},"query-input":"required name=search_term_string"}],"inLanguage":"ca"}]}},"_links":{"self":[{"href":"https:\/\/www.imaginamusica.net\/ca\/wp-json\/wp\/v2\/pages\/697"}],"collection":[{"href":"https:\/\/www.imaginamusica.net\/ca\/wp-json\/wp\/v2\/pages"}],"about":[{"href":"https:\/\/www.imaginamusica.net\/ca\/wp-json\/wp\/v2\/types\/page"}],"author":[{"embeddable":true,"href":"https:\/\/www.imaginamusica.net\/ca\/wp-json\/wp\/v2\/users\/1"}],"replies":[{"embeddable":true,"href":"https:\/\/www.imaginamusica.net\/ca\/wp-json\/wp\/v2\/comments?post=697"}],"version-history":[{"count":9,"href":"https:\/\/www.imaginamusica.net\/ca\/wp-json\/wp\/v2\/pages\/697\/revisions"}],"predecessor-version":[{"id":4805,"href":"https:\/\/www.imaginamusica.net\/ca\/wp-json\/wp\/v2\/pages\/697\/revisions\/4805"}],"wp:attachment":[{"href":"https:\/\/www.imaginamusica.net\/ca\/wp-json\/wp\/v2\/media?parent=697"}],"curies":[{"name":"wp","href":"https:\/\/api.w.org\/{rel}","templated":true}]}}