{"id":699,"date":"2019-10-22T15:55:56","date_gmt":"2019-10-22T13:55:56","guid":{"rendered":"http:\/\/www.imaginamusica.net\/politica-de-cookies\/"},"modified":"2024-01-11T11:05:52","modified_gmt":"2024-01-11T10:05:52","slug":"politica-de-cookies","status":"publish","type":"page","link":"https:\/\/www.imaginamusica.net\/ca\/politica-de-cookies\/","title":{"rendered":"Pol\u00edtica de cookies"},"content":{"rendered":"<p><strong>Imaginam\u00fasica 2007, S.L.<\/strong> , a trav\u00e9s d&#8217;aquest document, recull la seva Pol\u00edtica de recollida i tractament de cookies, en compliment del que disposa l&#8217;article 22.2 de la Llei 34\/2002, de l&#8217;11 de juliol, dels Serveis de la Societat de la Informaci\u00f3 i de Comer\u00e7 Electr\u00f2nic (LSSICE).<br \/>\nLes cookies s&#8217;emmagatzemen a l&#8217;equip terminal de l&#8217;usuari (ordinador o dispositiu m\u00f2bil) i recopilen informaci\u00f3 en les visites al web www.imaginamusica.net, amb la finalitat de millorar-ne la usabilitat, con\u00e8ixer els h\u00e0bits o necessitats de navegaci\u00f3 dels usuaris per poder adaptar-s&#8217;hi, aix\u00ed com per obtenir informaci\u00f3 amb finalitats estad\u00edstiques.<br \/>\nEn el cas d&#8217;aquells usuaris que ja siguin clients de l&#8217;entitat, la informaci\u00f3 demanada amb les galetes servir\u00e0 tamb\u00e9 per a la seva identificaci\u00f3 en accedir a les diferents eines que l&#8217;entitat posa a la vostra disposici\u00f3 per a la gesti\u00f3 dels serveis. Aquesta <strong>Pol\u00edtica de Cookies<\/strong> ser\u00e0 aplicable als usuaris que volunt\u00e0riament visiten les p\u00e0gines web de l&#8217;entitat, emplenen formularis de recollida de dades, accedeixen a les eines que l&#8217;entitat posa a disposici\u00f3 dels seus clients per gestionar els seus serveis, o utilitzen qualsevol altre servei present al lloc web que impliqui la comunicaci\u00f3 de dades a l&#8217;entitat, o l&#8217;acc\u00e9s a dades per l&#8217;entitat, per a la prestaci\u00f3 dels seus serveis. L&#8217;entitat informa els usuaris de les seves p\u00e0gines web, de l&#8217;exist\u00e8ncia de cookies i posa a la vostra disposici\u00f3 aquesta Pol\u00edtica amb la finalitat d&#8217;informar-vos sobre l&#8217;\u00fas i l&#8217;objecte d&#8217;aquestes. El fet de continuar la navegaci\u00f3 a trav\u00e9s de les seves p\u00e0gines suposa el coneixement i l&#8217;acceptaci\u00f3 de la present Pol\u00edtica per part dels usuaris.<\/p>\n<p><strong>Imaginam\u00fasica 2007, S.L.<\/strong> utilitza els seg\u00fcents tipus de cookies: Classificades per la titularitat:<\/p>\n<p>* <strong>Cookies pr\u00f2pies<\/strong>: enviades i gestionades directament per l&#8217;entitat.<\/p>\n<p>* <strong>Cookies de tercers<\/strong>: enviades i gestionades per un tercer ali\u00e8 a l&#8217;entitat, de forma an\u00f2nima, amb la finalitat de fer estudis estad\u00edstics de navegaci\u00f3 per les p\u00e0gines web de l&#8217;entitat.<\/p>\n<p>Classificades per la finalitat:<\/p>\n<p>* <strong>Galetes t\u00e8cniques i\/o de personalitzaci\u00f3<\/strong>: faciliten la navegaci\u00f3, en identificar la sessi\u00f3, permetre l&#8217;acc\u00e9s a eines d&#8217;acc\u00e9s restringit, a m\u00e9s de configurar a mida les opcions disponibles. Possibiliten la prestaci\u00f3 del servei sol\u00b7licitat pr\u00e8viament per l&#8217;usuari.<\/p>\n<p>* <strong>Cookies d&#8217;an\u00e0lisi i\/o publicitat<\/strong>: permeten con\u00e8ixer el nombre de visites rebudes a les diferents seccions de les p\u00e0gines web, els h\u00e0bits i tend\u00e8ncies dels seus usuaris i en conseq\u00fc\u00e8ncia, poder millorar la navegaci\u00f3 i el servei ofert per l&#8217;entitat (fonamentalment, Google Analytics), aix\u00ed com gestionar els espais publicitaris inclosos a la p\u00e0gina web visitada per l&#8217;usuari. Recopila dades de manera an\u00f2nima per obtenir perfils de navegaci\u00f3 dels usuaris.<\/p>\n<p>Classificades per la durada:<\/p>\n<p>* <strong>Cookies de sessi\u00f3<\/strong>: recullen i emmagatzemen les dades mentre l&#8217;usuari accedeix a la p\u00e0gina web.<\/p>\n<p>* <strong>Cookies persistents<\/strong>: recullen i emmagatzemen les dades al terminal de l&#8217;usuari durant un per\u00edode de temps variable en funci\u00f3 de quina sigui la finalitat per a la qual han estat utilitzades.<\/p>\n<p>El temps de conservaci\u00f3 de les galetes dependr\u00e0 del tipus de qu\u00e8 es tracti i sempre ser\u00e0 el m\u00ednim indispensable per complir la seva finalitat. En qualsevol cas, els usuaris poden configurar el vostre navegador, de manera que es deshabiliti o bloquegi la recepci\u00f3 de totes o algunes de les cookies. El fet de no desitjar rebre aquestes galetes no constitueix un impediment per poder accedir a la informaci\u00f3 dels llocs web de l&#8217;entitat encara que l&#8217;\u00fas d&#8217;alguns serveis podr\u00e0 ser limitat. Si un cop atorgat el consentiment per a la recepci\u00f3 de cookies, es vol retirar aquest, s&#8217;hauran d&#8217;eliminar aquelles emmagatzemades a l&#8217;equip de l&#8217;usuari, a trav\u00e9s de les opcions dels diferents navegadors.<\/p>\n<p>La forma de configurar els diferents navegadors per exercitar les accions assenyalades als par\u00e0grafs anteriors, es pot consultar a:<\/p>\n<p>Explorer: <a href=\"http:\/\/windows.microsoft.com\/es-es\/windows7\/how-to-manage-cookies-in-internet-explorer-9\" target=\"_blank\" rel=\"noopener\">http:\/\/windows.microsoft.com\/es-es\/windows7\/how-to-manage-cookies-in-internet-explorer-9<\/a><\/p>\n<p>Chrome: <a href=\"https:\/\/support.google.com\/chrome\/answer\/95647?hl=es\" target=\"_blank\" rel=\"noopener\">https:\/\/support.google.com\/chrome\/answer\/95647?hl=es<\/a><\/p>\n<p>Firefox: <a href=\"https:\/\/support.mozilla.org\/es\/kb\/cookies-informacion-que-los-sitios-web-guardan-en-\" target=\"_blank\" rel=\"noopener\">https:\/\/support.mozilla.org\/es\/kb\/cookies-informacion-que-los-sitios-web-guardan-en-<\/a><\/p>\n","protected":false},"excerpt":{"rendered":"<p>Imaginam\u00fasica 2007, S.L. , a trav\u00e9s d&#8217;aquest document, recull la seva Pol\u00edtica de recollida i tractament de cookies, en compliment del que disposa l&#8217;article 22.2 de la Llei 34\/2002, de l&#8217;11 de juliol, dels Serveis de la Societat de la Informaci\u00f3 i de Comer\u00e7 Electr\u00f2nic (LSSICE). Les cookies s&#8217;emmagatzemen a l&#8217;equip terminal de l&#8217;usuari (ordinador [&hellip;]<\/p>\n","protected":false},"author":1,"featured_media":0,"parent":0,"menu_order":0,"comment_status":"closed","ping_status":"closed","template":"","meta":[],"yoast_head":"<!-- This site is optimized with the Yoast SEO plugin v20.11 - https:\/\/yoast.com\/wordpress\/plugins\/seo\/ -->\n<title>Pol\u00edtica de cookies - Imaginamusica<\/title>\n<meta name=\"robots\" content=\"index, follow, max-snippet:-1, max-image-preview:large, max-video-preview:-1\" \/>\n<link rel=\"canonical\" href=\"https:\/\/www.imaginamusica.net\/ca\/politica-de-cookies\/\" \/>\n<meta property=\"og:locale\" content=\"ca_ES\" \/>\n<meta property=\"og:type\" content=\"article\" \/>\n<meta property=\"og:title\" content=\"Pol\u00edtica de cookies - Imaginamusica\" \/>\n<meta property=\"og:description\" content=\"Imaginam\u00fasica 2007, S.L. , a trav\u00e9s d&#8217;aquest document, recull la seva Pol\u00edtica de recollida i tractament de cookies, en compliment del que disposa l&#8217;article 22.2 de la Llei 34\/2002, de l&#8217;11 de juliol, dels Serveis de la Societat de la Informaci\u00f3 i de Comer\u00e7 Electr\u00f2nic (LSSICE). Les cookies s&#8217;emmagatzemen a l&#8217;equip terminal de l&#8217;usuari (ordinador [&hellip;]\" \/>\n<meta property=\"og:url\" content=\"https:\/\/www.imaginamusica.net\/ca\/politica-de-cookies\/\" \/>\n<meta property=\"og:site_name\" content=\"Imaginamusica\" \/>\n<meta property=\"article:modified_time\" content=\"2024-01-11T10:05:52+00:00\" \/>\n<meta name=\"twitter:card\" content=\"summary_large_image\" \/>\n<meta name=\"twitter:label1\" content=\"Est. reading time\" \/>\n\t<meta name=\"twitter:data1\" content=\"3 minutes\" \/>\n<script type=\"application\/ld+json\" class=\"yoast-schema-graph\">{\"@context\":\"https:\/\/schema.org\",\"@graph\":[{\"@type\":\"WebPage\",\"@id\":\"https:\/\/www.imaginamusica.net\/ca\/politica-de-cookies\/\",\"url\":\"https:\/\/www.imaginamusica.net\/ca\/politica-de-cookies\/\",\"name\":\"Pol\u00edtica de cookies - Imaginamusica\",\"isPartOf\":{\"@id\":\"https:\/\/www.imaginamusica.net\/#website\"},\"datePublished\":\"2019-10-22T13:55:56+00:00\",\"dateModified\":\"2024-01-11T10:05:52+00:00\",\"breadcrumb\":{\"@id\":\"https:\/\/www.imaginamusica.net\/ca\/politica-de-cookies\/#breadcrumb\"},\"inLanguage\":\"ca\",\"potentialAction\":[{\"@type\":\"ReadAction\",\"target\":[\"https:\/\/www.imaginamusica.net\/ca\/politica-de-cookies\/\"]}]},{\"@type\":\"BreadcrumbList\",\"@id\":\"https:\/\/www.imaginamusica.net\/ca\/politica-de-cookies\/#breadcrumb\",\"itemListElement\":[{\"@type\":\"ListItem\",\"position\":1,\"name\":\"Portada\",\"item\":\"https:\/\/www.imaginamusica.net\/\"},{\"@type\":\"ListItem\",\"position\":2,\"name\":\"Pol\u00edtica de cookies\"}]},{\"@type\":\"WebSite\",\"@id\":\"https:\/\/www.imaginamusica.net\/#website\",\"url\":\"https:\/\/www.imaginamusica.net\/\",\"name\":\"Imaginamusica\",\"description\":\"Distribuidores d&amp;b\",\"potentialAction\":[{\"@type\":\"SearchAction\",\"target\":{\"@type\":\"EntryPoint\",\"urlTemplate\":\"https:\/\/www.imaginamusica.net\/?s={search_term_string}\"},\"query-input\":\"required name=search_term_string\"}],\"inLanguage\":\"ca\"}]}<\/script>\n<!-- \/ Yoast SEO plugin. -->","yoast_head_json":{"title":"Pol\u00edtica de cookies - Imaginamusica","robots":{"index":"index","follow":"follow","max-snippet":"max-snippet:-1","max-image-preview":"max-image-preview:large","max-video-preview":"max-video-preview:-1"},"canonical":"https:\/\/www.imaginamusica.net\/ca\/politica-de-cookies\/","og_locale":"ca_ES","og_type":"article","og_title":"Pol\u00edtica de cookies - Imaginamusica","og_description":"Imaginam\u00fasica 2007, S.L. , a trav\u00e9s d&#8217;aquest document, recull la seva Pol\u00edtica de recollida i tractament de cookies, en compliment del que disposa l&#8217;article 22.2 de la Llei 34\/2002, de l&#8217;11 de juliol, dels Serveis de la Societat de la Informaci\u00f3 i de Comer\u00e7 Electr\u00f2nic (LSSICE). Les cookies s&#8217;emmagatzemen a l&#8217;equip terminal de l&#8217;usuari (ordinador [&hellip;]","og_url":"https:\/\/www.imaginamusica.net\/ca\/politica-de-cookies\/","og_site_name":"Imaginamusica","article_modified_time":"2024-01-11T10:05:52+00:00","twitter_card":"summary_large_image","twitter_misc":{"Est. reading time":"3 minutes"},"schema":{"@context":"https:\/\/schema.org","@graph":[{"@type":"WebPage","@id":"https:\/\/www.imaginamusica.net\/ca\/politica-de-cookies\/","url":"https:\/\/www.imaginamusica.net\/ca\/politica-de-cookies\/","name":"Pol\u00edtica de cookies - Imaginamusica","isPartOf":{"@id":"https:\/\/www.imaginamusica.net\/#website"},"datePublished":"2019-10-22T13:55:56+00:00","dateModified":"2024-01-11T10:05:52+00:00","breadcrumb":{"@id":"https:\/\/www.imaginamusica.net\/ca\/politica-de-cookies\/#breadcrumb"},"inLanguage":"ca","potentialAction":[{"@type":"ReadAction","target":["https:\/\/www.imaginamusica.net\/ca\/politica-de-cookies\/"]}]},{"@type":"BreadcrumbList","@id":"https:\/\/www.imaginamusica.net\/ca\/politica-de-cookies\/#breadcrumb","itemListElement":[{"@type":"ListItem","position":1,"name":"Portada","item":"https:\/\/www.imaginamusica.net\/"},{"@type":"ListItem","position":2,"name":"Pol\u00edtica de cookies"}]},{"@type":"WebSite","@id":"https:\/\/www.imaginamusica.net\/#website","url":"https:\/\/www.imaginamusica.net\/","name":"Imaginamusica","description":"Distribuidores d&amp;b","potentialAction":[{"@type":"SearchAction","target":{"@type":"EntryPoint","urlTemplate":"https:\/\/www.imaginamusica.net\/?s={search_term_string}"},"query-input":"required name=search_term_string"}],"inLanguage":"ca"}]}},"_links":{"self":[{"href":"https:\/\/www.imaginamusica.net\/ca\/wp-json\/wp\/v2\/pages\/699"}],"collection":[{"href":"https:\/\/www.imaginamusica.net\/ca\/wp-json\/wp\/v2\/pages"}],"about":[{"href":"https:\/\/www.imaginamusica.net\/ca\/wp-json\/wp\/v2\/types\/page"}],"author":[{"embeddable":true,"href":"https:\/\/www.imaginamusica.net\/ca\/wp-json\/wp\/v2\/users\/1"}],"replies":[{"embeddable":true,"href":"https:\/\/www.imaginamusica.net\/ca\/wp-json\/wp\/v2\/comments?post=699"}],"version-history":[{"count":3,"href":"https:\/\/www.imaginamusica.net\/ca\/wp-json\/wp\/v2\/pages\/699\/revisions"}],"predecessor-version":[{"id":4807,"href":"https:\/\/www.imaginamusica.net\/ca\/wp-json\/wp\/v2\/pages\/699\/revisions\/4807"}],"wp:attachment":[{"href":"https:\/\/www.imaginamusica.net\/ca\/wp-json\/wp\/v2\/media?parent=699"}],"curies":[{"name":"wp","href":"https:\/\/api.w.org\/{rel}","templated":true}]}}